{"id":85,"date":"2015-07-31T14:45:24","date_gmt":"2015-07-31T13:45:24","guid":{"rendered":"https:\/\/guitarluthier34300.olympe.in\/?page_id=85"},"modified":"2022-01-23T13:48:24","modified_gmt":"2022-01-23T12:48:24","slug":"l-00-caracteristiques","status":"publish","type":"page","link":"https:\/\/juliengarciaguitares.fr\/index.php\/l-00-caracteristiques\/","title":{"rendered":"L-00 :"},"content":{"rendered":"<p>C\u2019est le plus petit mod\u00e8le que je propose mais cette guitare<br \/>\nposs\u00e8de une puissance sonore \u00e9tonnante pour son gabarit.<br \/>\nTr\u00e8s articul\u00e9e elle se pr\u00eate tout particuli\u00e8rement bien au jeu<br \/>\naux doigts gr\u00e2ce, en partie, \u00e0 un manche plus large que ses<br \/>\ns\u0153urs ain\u00e9es. Ses qualit\u00e9s en font aussi une tr\u00e8s bonne guitare<br \/>\nde studio.<\/p>\n<p>Diapason : 633 mm<\/p>\n<p>Jonction manche\/corps : 14\u00e8 case<\/p>\n<p>Radius de touche compens\u00e9 : 12&Prime; \/ 16&Prime;<\/p>\n<p>Largeur au sillet : 46 mm<\/p>\n<p>Espacement des cordes au chevalet : 55 mm<\/p>\n<p>&nbsp;<\/p>\n<p><span style=\"text-decoration: underline;\"><em><strong>Exemples audio: (l&rsquo;\u00e9coute au casque est recommand\u00e9e)<\/strong><\/em><\/span><\/p>\n<p><a href=\"http:\/\/juliengarciaguitares.fr\/wp-content\/uploads\/2022\/01\/fingerstyle-L-00.mp3\">fingerstyle L-00<\/a><\/p>\n<p><a href=\"http:\/\/juliengarciaguitares.fr\/wp-content\/uploads\/2022\/01\/finger-picking-L-00.mp3\">finger picking L-00<\/a><\/p>\n<p><a href=\"http:\/\/juliengarciaguitares.fr\/wp-content\/uploads\/2022\/01\/strum-leger-L-00.mp3\">strum leger L-00<\/a><\/p>\n<p>&nbsp;<\/p>\n<p><a href=\"http:\/\/juliengarciaguitares.fr\/wp-content\/uploads\/2019\/10\/20180918_112729-e1570374687892.jpg\"><img loading=\"lazy\" class=\"size-medium wp-image-314 aligncenter\" src=\"http:\/\/juliengarciaguitares.fr\/wp-content\/uploads\/2019\/10\/20180918_112729-e1570374687892-225x300.jpg\" alt=\"\" width=\"225\" height=\"300\" srcset=\"https:\/\/juliengarciaguitares.fr\/wp-content\/uploads\/2019\/10\/20180918_112729-e1570374687892-225x300.jpg 225w, https:\/\/juliengarciaguitares.fr\/wp-content\/uploads\/2019\/10\/20180918_112729-e1570374687892-768x1024.jpg 768w\" sizes=\"(max-width: 225px) 100vw, 225px\" \/><\/a> <a href=\"http:\/\/juliengarciaguitares.fr\/wp-content\/uploads\/2019\/10\/20180918_112827-e1570374698650.jpg\"><img loading=\"lazy\" class=\"size-medium wp-image-315 aligncenter\" src=\"http:\/\/juliengarciaguitares.fr\/wp-content\/uploads\/2019\/10\/20180918_112827-e1570374698650-225x300.jpg\" alt=\"\" width=\"225\" height=\"300\" srcset=\"https:\/\/juliengarciaguitares.fr\/wp-content\/uploads\/2019\/10\/20180918_112827-e1570374698650-225x300.jpg 225w, https:\/\/juliengarciaguitares.fr\/wp-content\/uploads\/2019\/10\/20180918_112827-e1570374698650-768x1024.jpg 768w\" sizes=\"(max-width: 225px) 100vw, 225px\" \/><\/a><\/p>\n","protected":false},"excerpt":{"rendered":"<p>C\u2019est le plus petit mod\u00e8le que je propose mais cette guitare poss\u00e8de une puissance sonore \u00e9tonnante pour son gabarit. Tr\u00e8s articul\u00e9e elle se pr\u00eate tout particuli\u00e8rement bien au jeu aux doigts gr\u00e2ce, en partie, \u00e0 un manche plus large que ses s\u0153urs ain\u00e9es. Ses qualit\u00e9s en font aussi une tr\u00e8s bonne guitare de studio. Diapason [&hellip;]<\/p>\n","protected":false},"author":1,"featured_media":0,"parent":0,"menu_order":0,"comment_status":"closed","ping_status":"closed","template":"fullpage.php","meta":{"_monsterinsights_skip_tracking":false,"_monsterinsights_sitenote_active":false,"_monsterinsights_sitenote_note":"","_monsterinsights_sitenote_category":0},"_links":{"self":[{"href":"https:\/\/juliengarciaguitares.fr\/index.php\/wp-json\/wp\/v2\/pages\/85"}],"collection":[{"href":"https:\/\/juliengarciaguitares.fr\/index.php\/wp-json\/wp\/v2\/pages"}],"about":[{"href":"https:\/\/juliengarciaguitares.fr\/index.php\/wp-json\/wp\/v2\/types\/page"}],"author":[{"embeddable":true,"href":"https:\/\/juliengarciaguitares.fr\/index.php\/wp-json\/wp\/v2\/users\/1"}],"replies":[{"embeddable":true,"href":"https:\/\/juliengarciaguitares.fr\/index.php\/wp-json\/wp\/v2\/comments?post=85"}],"version-history":[{"count":5,"href":"https:\/\/juliengarciaguitares.fr\/index.php\/wp-json\/wp\/v2\/pages\/85\/revisions"}],"predecessor-version":[{"id":613,"href":"https:\/\/juliengarciaguitares.fr\/index.php\/wp-json\/wp\/v2\/pages\/85\/revisions\/613"}],"wp:attachment":[{"href":"https:\/\/juliengarciaguitares.fr\/index.php\/wp-json\/wp\/v2\/media?parent=85"}],"curies":[{"name":"wp","href":"https:\/\/api.w.org\/{rel}","templated":true}]}}