{"id":82,"date":"2015-07-31T14:41:23","date_gmt":"2015-07-31T13:41:23","guid":{"rendered":"https:\/\/guitarluthier34300.olympe.in\/?page_id=82"},"modified":"2022-01-17T21:56:53","modified_gmt":"2022-01-17T20:56:53","slug":"jumbo-caracteristiques","status":"publish","type":"page","link":"https:\/\/juliengarciaguitares.fr\/index.php\/jumbo-caracteristiques\/","title":{"rendered":"JUMBO :"},"content":{"rendered":"<p>C\u2019est la plus \u00ab grosse \u00bb guitare que je propose, de part son format.<br \/>\nLa jumbo offre une grande puissance sonore avec beaucoup de profondeur, notamment dans les basses<br \/>\ntout en restant tr\u00e8s \u00e9quilibr\u00e9e.<br \/>\nLe sustain et la richesse harmonique feront le bonheur des guitaristes fingerstyle mais \u00e9galement<br \/>\nen \u00ab\u00a0struming\u00a0\u00bb ou \u00ab\u00a0flat picking\u00a0\u00bb.<br \/>\nAccordage standard, open tuning ou drop D, tout lui convient, les possibilit\u00e9s qu&rsquo;offre cette guitare sont multiples.<\/p>\n<p>Comme toute mes guitares, ce mod\u00e8le est con\u00e7u et construit pour procurer le meilleur confort de jeu possible \u00e0 son<br \/>\npropri\u00e9taire et d\u00e9sormais disponible en version multi-diapasons.<\/p>\n<p>Diapason : 650 mm en standard \/ 660mm-633mm en version multi-diapasons.<\/p>\n<p>Jonction manche\/corps : 14\u00e8 case<\/p>\n<p>Radius de touche compens\u00e9: 12&Prime; \/ 16&Prime;<\/p>\n<p>Largeur au sillet : 44 mm<\/p>\n<p>Espacement des cordes au chevalet : 55 mm<\/p>\n<p>Pan coup\u00e9: florentin en option<\/p>\n<p>Syst\u00e8me d&rsquo;amplification: en option<\/p>\n<p><span style=\"text-decoration: underline;\"><em><strong><br \/>\nExemples audio: (l&rsquo;\u00e9coute au casque est recommand\u00e9e)<br \/>\n<\/strong><\/em><\/span><\/p>\n<p><a href=\"http:\/\/juliengarciaguitares.fr\/wp-content\/uploads\/2022\/01\/Fingerstyle-Jumbo.mp3\">Fingerstyle Jumbo<\/a><\/p>\n<p><a href=\"http:\/\/juliengarciaguitares.fr\/wp-content\/uploads\/2022\/01\/strum-leger-Jumbo.mp3\">strum l\u00e9ger Jumbo<\/a><\/p>\n<p>&nbsp;<\/p>\n<p><a href=\"http:\/\/juliengarciaguitares.fr\/wp-content\/uploads\/2021\/12\/IMG_4832.jpg\"><img loading=\"lazy\" class=\"aligncenter size-medium wp-image-567\" src=\"http:\/\/juliengarciaguitares.fr\/wp-content\/uploads\/2021\/12\/IMG_4832-200x300.jpg\" alt=\"\" width=\"200\" height=\"300\" srcset=\"https:\/\/juliengarciaguitares.fr\/wp-content\/uploads\/2021\/12\/IMG_4832-200x300.jpg 200w, https:\/\/juliengarciaguitares.fr\/wp-content\/uploads\/2021\/12\/IMG_4832-768x1152.jpg 768w, https:\/\/juliengarciaguitares.fr\/wp-content\/uploads\/2021\/12\/IMG_4832-682x1024.jpg 682w, https:\/\/juliengarciaguitares.fr\/wp-content\/uploads\/2021\/12\/IMG_4832.jpg 1333w\" sizes=\"(max-width: 200px) 100vw, 200px\" \/><\/a><a href=\"http:\/\/juliengarciaguitares.fr\/wp-content\/uploads\/2021\/12\/IMG_4854.jpg\"><img loading=\"lazy\" class=\"aligncenter size-medium wp-image-564\" src=\"http:\/\/juliengarciaguitares.fr\/wp-content\/uploads\/2021\/12\/IMG_4854-200x300.jpg\" alt=\"\" width=\"200\" height=\"300\" srcset=\"https:\/\/juliengarciaguitares.fr\/wp-content\/uploads\/2021\/12\/IMG_4854-200x300.jpg 200w, https:\/\/juliengarciaguitares.fr\/wp-content\/uploads\/2021\/12\/IMG_4854-768x1152.jpg 768w, https:\/\/juliengarciaguitares.fr\/wp-content\/uploads\/2021\/12\/IMG_4854-682x1024.jpg 682w, https:\/\/juliengarciaguitares.fr\/wp-content\/uploads\/2021\/12\/IMG_4854.jpg 1333w\" sizes=\"(max-width: 200px) 100vw, 200px\" \/><\/a><\/p>\n<p><a href=\"http:\/\/juliengarciaguitares.fr\/wp-content\/uploads\/2021\/12\/IMG_4855.jpg\"><img loading=\"lazy\" class=\"aligncenter size-medium wp-image-565\" src=\"http:\/\/juliengarciaguitares.fr\/wp-content\/uploads\/2021\/12\/IMG_4855-200x300.jpg\" alt=\"\" width=\"200\" height=\"300\" srcset=\"https:\/\/juliengarciaguitares.fr\/wp-content\/uploads\/2021\/12\/IMG_4855-200x300.jpg 200w, https:\/\/juliengarciaguitares.fr\/wp-content\/uploads\/2021\/12\/IMG_4855-768x1152.jpg 768w, https:\/\/juliengarciaguitares.fr\/wp-content\/uploads\/2021\/12\/IMG_4855-682x1024.jpg 682w, https:\/\/juliengarciaguitares.fr\/wp-content\/uploads\/2021\/12\/IMG_4855.jpg 1333w\" sizes=\"(max-width: 200px) 100vw, 200px\" \/><\/a><\/p>\n<p><a href=\"http:\/\/juliengarciaguitares.fr\/wp-content\/uploads\/2019\/10\/guitare-termin\u00e9e-2-e1570374111955.jpg\"><img loading=\"lazy\" class=\"size-medium wp-image-309 aligncenter\" src=\"http:\/\/juliengarciaguitares.fr\/wp-content\/uploads\/2019\/10\/guitare-termin\u00e9e-2-e1570374111955-225x300.jpg\" alt=\"\" width=\"225\" height=\"300\" srcset=\"https:\/\/juliengarciaguitares.fr\/wp-content\/uploads\/2019\/10\/guitare-termin\u00e9e-2-e1570374111955-225x300.jpg 225w, https:\/\/juliengarciaguitares.fr\/wp-content\/uploads\/2019\/10\/guitare-termin\u00e9e-2-e1570374111955-768x1024.jpg 768w\" sizes=\"(max-width: 225px) 100vw, 225px\" \/><\/a> <a href=\"http:\/\/juliengarciaguitares.fr\/wp-content\/uploads\/2019\/10\/guitare-termin\u00e9e-3-e1570374119429.jpg\"><img loading=\"lazy\" class=\"size-medium wp-image-310 aligncenter\" src=\"http:\/\/juliengarciaguitares.fr\/wp-content\/uploads\/2019\/10\/guitare-termin\u00e9e-3-e1570374119429-225x300.jpg\" alt=\"\" width=\"225\" height=\"300\" srcset=\"https:\/\/juliengarciaguitares.fr\/wp-content\/uploads\/2019\/10\/guitare-termin\u00e9e-3-e1570374119429-225x300.jpg 225w, https:\/\/juliengarciaguitares.fr\/wp-content\/uploads\/2019\/10\/guitare-termin\u00e9e-3-e1570374119429-768x1024.jpg 768w\" sizes=\"(max-width: 225px) 100vw, 225px\" \/><\/a><\/p>\n","protected":false},"excerpt":{"rendered":"<p>C\u2019est la plus \u00ab grosse \u00bb guitare que je propose, de part son format. La jumbo offre une grande puissance sonore avec beaucoup de profondeur, notamment dans les basses tout en restant tr\u00e8s \u00e9quilibr\u00e9e. Le sustain et la richesse harmonique feront le bonheur des guitaristes fingerstyle mais \u00e9galement en \u00ab\u00a0struming\u00a0\u00bb ou \u00ab\u00a0flat picking\u00a0\u00bb. Accordage standard, [&hellip;]<\/p>\n","protected":false},"author":1,"featured_media":0,"parent":0,"menu_order":0,"comment_status":"closed","ping_status":"closed","template":"fullpage.php","meta":{"_monsterinsights_skip_tracking":false,"_monsterinsights_sitenote_active":false,"_monsterinsights_sitenote_note":"","_monsterinsights_sitenote_category":0},"_links":{"self":[{"href":"https:\/\/juliengarciaguitares.fr\/index.php\/wp-json\/wp\/v2\/pages\/82"}],"collection":[{"href":"https:\/\/juliengarciaguitares.fr\/index.php\/wp-json\/wp\/v2\/pages"}],"about":[{"href":"https:\/\/juliengarciaguitares.fr\/index.php\/wp-json\/wp\/v2\/types\/page"}],"author":[{"embeddable":true,"href":"https:\/\/juliengarciaguitares.fr\/index.php\/wp-json\/wp\/v2\/users\/1"}],"replies":[{"embeddable":true,"href":"https:\/\/juliengarciaguitares.fr\/index.php\/wp-json\/wp\/v2\/comments?post=82"}],"version-history":[{"count":8,"href":"https:\/\/juliengarciaguitares.fr\/index.php\/wp-json\/wp\/v2\/pages\/82\/revisions"}],"predecessor-version":[{"id":602,"href":"https:\/\/juliengarciaguitares.fr\/index.php\/wp-json\/wp\/v2\/pages\/82\/revisions\/602"}],"wp:attachment":[{"href":"https:\/\/juliengarciaguitares.fr\/index.php\/wp-json\/wp\/v2\/media?parent=82"}],"curies":[{"name":"wp","href":"https:\/\/api.w.org\/{rel}","templated":true}]}}