{"id":734,"date":"2023-10-30T13:11:29","date_gmt":"2023-10-30T12:11:29","guid":{"rendered":"https:\/\/juliengarciaguitares.fr\/?page_id=734"},"modified":"2023-10-30T16:35:25","modified_gmt":"2023-10-30T15:35:25","slug":"modele-concert","status":"publish","type":"page","link":"https:\/\/juliengarciaguitares.fr\/index.php\/modele-concert\/","title":{"rendered":"Mod\u00e8le Concert"},"content":{"rendered":"<p><a href=\"http:\/\/juliengarciaguitares.fr\/wp-content\/uploads\/2023\/10\/IMG_20220613_114455.jpg\"><img loading=\"lazy\" class=\"aligncenter size-medium wp-image-735\" src=\"http:\/\/juliengarciaguitares.fr\/wp-content\/uploads\/2023\/10\/IMG_20220613_114455-225x300.jpg\" alt=\"\" width=\"225\" height=\"300\" srcset=\"https:\/\/juliengarciaguitares.fr\/wp-content\/uploads\/2023\/10\/IMG_20220613_114455-225x300.jpg 225w, https:\/\/juliengarciaguitares.fr\/wp-content\/uploads\/2023\/10\/IMG_20220613_114455-768x1024.jpg 768w, https:\/\/juliengarciaguitares.fr\/wp-content\/uploads\/2023\/10\/IMG_20220613_114455.jpg 1152w\" sizes=\"(max-width: 225px) 100vw, 225px\" \/><\/a><\/p>\n<p>Mon mod\u00e8le Concert partage de nombreuses sp\u00e9cificit\u00e9s techniques avec le mod\u00e8le Grand concert comme la structure du fond et des \u00e9clisses, ce qui me permet d&rsquo;am\u00e9liorer<br \/>\nsensiblement la longueur de note et la puissance de l&rsquo;instrument sans modifier la structure de la table d&rsquo;harmonie de mani\u00e8re \u00e0 conserver ses qualit\u00e9s tonales.<br \/>\nLe barrage de table est bas\u00e9 sur un \u00e9ventail \u00e0 sept brins ce qui conf\u00e8re \u00e0 l&rsquo;instrument un timbre assez traditionnel tout en gardant un niveau de puissance et de projection<br \/>\nqui correspondent aux exigences des guitaristes d&rsquo;aujourd&rsquo;hui.<\/p>\n<p>Un soin tout particulier est apport\u00e9 au confort de jeu pour permettre au musicien de s&rsquo;exprimer pleinement et ais\u00e9ment. On retrouve donc sur ce mod\u00e8le le m\u00eame profil et \u00e9paisseur de manche<br \/>\nque sur le mod\u00e8le Grand concert.<br \/>\nOn retrouve aussi la possibilit\u00e9 d&rsquo;avoir un radius de touche (20&Prime;) , une ou\u00efe d&rsquo;\u00e9clisse ainsi que la touche sur\u00e9lev\u00e9e.<\/p>\n<p>La philosophie de ce mod\u00e8le est de conserver une \u00e2me traditionnelle dans le timbre de l&rsquo;instrument tout en r\u00e9pondant aux exigences actuelles en terme de puissance, projection, \u00e9quilibre,<br \/>\nclart\u00e9 du son, sans oublier l&rsquo;ergonomie et le confort de jeu.<\/p>\n<p><a href=\"http:\/\/juliengarciaguitares.fr\/wp-content\/uploads\/2022\/08\/IMG_20220407_183134-scaled.jpg\"><img loading=\"lazy\" class=\"aligncenter size-medium wp-image-694\" src=\"http:\/\/juliengarciaguitares.fr\/wp-content\/uploads\/2022\/08\/IMG_20220407_183134-225x300.jpg\" alt=\"\" width=\"225\" height=\"300\" srcset=\"https:\/\/juliengarciaguitares.fr\/wp-content\/uploads\/2022\/08\/IMG_20220407_183134-225x300.jpg 225w, https:\/\/juliengarciaguitares.fr\/wp-content\/uploads\/2022\/08\/IMG_20220407_183134-768x1024.jpg 768w, https:\/\/juliengarciaguitares.fr\/wp-content\/uploads\/2022\/08\/IMG_20220407_183134-1152x1536.jpg 1152w, https:\/\/juliengarciaguitares.fr\/wp-content\/uploads\/2022\/08\/IMG_20220407_183134-1536x2048.jpg 1536w, https:\/\/juliengarciaguitares.fr\/wp-content\/uploads\/2022\/08\/IMG_20220407_183134-scaled.jpg 1920w\" sizes=\"(max-width: 225px) 100vw, 225px\" \/><\/a><\/p>\n<p><a href=\"http:\/\/juliengarciaguitares.fr\/wp-content\/uploads\/2022\/08\/PXL_20220625_115313486-scaled.jpg\"><img loading=\"lazy\" class=\"aligncenter size-medium wp-image-693\" src=\"http:\/\/juliengarciaguitares.fr\/wp-content\/uploads\/2022\/08\/PXL_20220625_115313486-300x225.jpg\" alt=\"\" width=\"300\" height=\"225\" srcset=\"https:\/\/juliengarciaguitares.fr\/wp-content\/uploads\/2022\/08\/PXL_20220625_115313486-300x225.jpg 300w, https:\/\/juliengarciaguitares.fr\/wp-content\/uploads\/2022\/08\/PXL_20220625_115313486-1024x768.jpg 1024w, https:\/\/juliengarciaguitares.fr\/wp-content\/uploads\/2022\/08\/PXL_20220625_115313486-768x576.jpg 768w, https:\/\/juliengarciaguitares.fr\/wp-content\/uploads\/2022\/08\/PXL_20220625_115313486-1536x1152.jpg 1536w, https:\/\/juliengarciaguitares.fr\/wp-content\/uploads\/2022\/08\/PXL_20220625_115313486-2048x1536.jpg 2048w\" sizes=\"(max-width: 300px) 100vw, 300px\" \/><\/a><\/p>\n<p><a href=\"http:\/\/juliengarciaguitares.fr\/wp-content\/uploads\/2022\/08\/PXL_20220625_114341170-scaled.jpg\"><img loading=\"lazy\" class=\"aligncenter size-medium wp-image-692\" src=\"http:\/\/juliengarciaguitares.fr\/wp-content\/uploads\/2022\/08\/PXL_20220625_114341170-225x300.jpg\" alt=\"\" width=\"225\" height=\"300\" srcset=\"https:\/\/juliengarciaguitares.fr\/wp-content\/uploads\/2022\/08\/PXL_20220625_114341170-225x300.jpg 225w, https:\/\/juliengarciaguitares.fr\/wp-content\/uploads\/2022\/08\/PXL_20220625_114341170-768x1024.jpg 768w, https:\/\/juliengarciaguitares.fr\/wp-content\/uploads\/2022\/08\/PXL_20220625_114341170-1152x1536.jpg 1152w, https:\/\/juliengarciaguitares.fr\/wp-content\/uploads\/2022\/08\/PXL_20220625_114341170-1536x2048.jpg 1536w, https:\/\/juliengarciaguitares.fr\/wp-content\/uploads\/2022\/08\/PXL_20220625_114341170-scaled.jpg 1920w\" sizes=\"(max-width: 225px) 100vw, 225px\" \/><\/a><\/p>\n<p><a href=\"http:\/\/juliengarciaguitares.fr\/wp-content\/uploads\/2023\/10\/IMG_20201121_154810.jpg\"><img loading=\"lazy\" class=\"aligncenter size-medium wp-image-736\" src=\"http:\/\/juliengarciaguitares.fr\/wp-content\/uploads\/2023\/10\/IMG_20201121_154810-225x300.jpg\" alt=\"\" width=\"225\" height=\"300\" srcset=\"https:\/\/juliengarciaguitares.fr\/wp-content\/uploads\/2023\/10\/IMG_20201121_154810-225x300.jpg 225w, https:\/\/juliengarciaguitares.fr\/wp-content\/uploads\/2023\/10\/IMG_20201121_154810-768x1024.jpg 768w, https:\/\/juliengarciaguitares.fr\/wp-content\/uploads\/2023\/10\/IMG_20201121_154810.jpg 1152w\" sizes=\"(max-width: 225px) 100vw, 225px\" \/><\/a><\/p>\n<p><a href=\"http:\/\/juliengarciaguitares.fr\/wp-content\/uploads\/2023\/10\/IMG_20201121_154628.jpg\"><img loading=\"lazy\" class=\"aligncenter size-medium wp-image-737\" src=\"http:\/\/juliengarciaguitares.fr\/wp-content\/uploads\/2023\/10\/IMG_20201121_154628-225x300.jpg\" alt=\"\" width=\"225\" height=\"300\" srcset=\"https:\/\/juliengarciaguitares.fr\/wp-content\/uploads\/2023\/10\/IMG_20201121_154628-225x300.jpg 225w, https:\/\/juliengarciaguitares.fr\/wp-content\/uploads\/2023\/10\/IMG_20201121_154628-768x1024.jpg 768w, https:\/\/juliengarciaguitares.fr\/wp-content\/uploads\/2023\/10\/IMG_20201121_154628.jpg 1152w\" sizes=\"(max-width: 225px) 100vw, 225px\" \/><\/a><\/p>\n<p><a href=\"http:\/\/juliengarciaguitares.fr\/wp-content\/uploads\/2023\/10\/IMG_20220331_112610.jpg\"><img loading=\"lazy\" class=\"aligncenter size-medium wp-image-738\" src=\"http:\/\/juliengarciaguitares.fr\/wp-content\/uploads\/2023\/10\/IMG_20220331_112610-225x300.jpg\" alt=\"\" width=\"225\" height=\"300\" srcset=\"https:\/\/juliengarciaguitares.fr\/wp-content\/uploads\/2023\/10\/IMG_20220331_112610-225x300.jpg 225w, https:\/\/juliengarciaguitares.fr\/wp-content\/uploads\/2023\/10\/IMG_20220331_112610-768x1024.jpg 768w, https:\/\/juliengarciaguitares.fr\/wp-content\/uploads\/2023\/10\/IMG_20220331_112610.jpg 1152w\" sizes=\"(max-width: 225px) 100vw, 225px\" \/><\/a><\/p>\n<p>&nbsp;<\/p>\n<p><span style=\"text-decoration: underline;\">Autres caract\u00e9ristiques:<\/span><\/p>\n<p>Diapason standard: 650 mm<br \/>\nJonction manche\/corps\u00a0: 12\u00e8 case<br \/>\nLargeur au sillet standard: 52 mm (peut \u00eatre modifi\u00e9 sur demande)<br \/>\nManche en Cedro ou Acajou avec renfort carbone pour la stabilit\u00e9 et la tenue dans le temps<br \/>\nTable: Epic\u00e9a europ\u00e9en, Epic\u00e9a engelmann ou C\u00e8dre rouge (AAA ou sup\u00e9rieur)<br \/>\nTouche en Eb\u00e8ne du Cameroun avec ou sans radius<br \/>\nFond et \u00e9clisses renforc\u00e9es au choix en: Palissandre Indien ou Palissandre du Honduras, Pao Ferro, etc&#8230;<br \/>\nEspacement des cordes au chevalet : 57,5 mm (peut \u00eatre modifi\u00e9 sur demande)<br \/>\nVernis ext\u00e9rieur : cellulosique brillant tr\u00e8s fin.<\/p>\n","protected":false},"excerpt":{"rendered":"<p>Mon mod\u00e8le Concert partage de nombreuses sp\u00e9cificit\u00e9s techniques avec le mod\u00e8le Grand concert comme la structure du fond et des \u00e9clisses, ce qui me permet d&rsquo;am\u00e9liorer sensiblement la longueur de note et la puissance de l&rsquo;instrument sans modifier la structure de la table d&rsquo;harmonie de mani\u00e8re \u00e0 conserver ses qualit\u00e9s tonales. Le barrage de table [&hellip;]<\/p>\n","protected":false},"author":1,"featured_media":0,"parent":0,"menu_order":0,"comment_status":"closed","ping_status":"closed","template":"fullpage.php","meta":{"_monsterinsights_skip_tracking":false,"_monsterinsights_sitenote_active":false,"_monsterinsights_sitenote_note":"","_monsterinsights_sitenote_category":0},"_links":{"self":[{"href":"https:\/\/juliengarciaguitares.fr\/index.php\/wp-json\/wp\/v2\/pages\/734"}],"collection":[{"href":"https:\/\/juliengarciaguitares.fr\/index.php\/wp-json\/wp\/v2\/pages"}],"about":[{"href":"https:\/\/juliengarciaguitares.fr\/index.php\/wp-json\/wp\/v2\/types\/page"}],"author":[{"embeddable":true,"href":"https:\/\/juliengarciaguitares.fr\/index.php\/wp-json\/wp\/v2\/users\/1"}],"replies":[{"embeddable":true,"href":"https:\/\/juliengarciaguitares.fr\/index.php\/wp-json\/wp\/v2\/comments?post=734"}],"version-history":[{"count":5,"href":"https:\/\/juliengarciaguitares.fr\/index.php\/wp-json\/wp\/v2\/pages\/734\/revisions"}],"predecessor-version":[{"id":769,"href":"https:\/\/juliengarciaguitares.fr\/index.php\/wp-json\/wp\/v2\/pages\/734\/revisions\/769"}],"wp:attachment":[{"href":"https:\/\/juliengarciaguitares.fr\/index.php\/wp-json\/wp\/v2\/media?parent=734"}],"curies":[{"name":"wp","href":"https:\/\/api.w.org\/{rel}","templated":true}]}}