{"id":725,"date":"2023-10-30T12:17:30","date_gmt":"2023-10-30T11:17:30","guid":{"rendered":"https:\/\/juliengarciaguitares.fr\/?page_id=725"},"modified":"2023-10-30T12:32:37","modified_gmt":"2023-10-30T11:32:37","slug":"autres-modeles","status":"publish","type":"page","link":"https:\/\/juliengarciaguitares.fr\/index.php\/modeles\/autres-modeles\/","title":{"rendered":"Autres mod\u00e8les"},"content":{"rendered":"<p>Ici sont pr\u00e9sent\u00e9s les mod\u00e8les folk que je fabrique \u00e9galement.<\/p>\n<p><a href=\"https:\/\/juliengarciaguitares.fr\/index.php\/l-00-caracteristiques\/\">L-OO<\/a><\/p>\n<p><a href=\"https:\/\/juliengarciaguitares.fr\/index.php\/om-caracteristiques\/\">OM (Orchestra model)<\/a><\/p>\n<p><a href=\"https:\/\/juliengarciaguitares.fr\/index.php\/jumbo-caracteristiques\/\">Jumbo<\/a><\/p>\n<p><a href=\"https:\/\/juliengarciaguitares.fr\/index.php\/dreadnought\/\">Dreadnought<\/a><\/p>\n","protected":false},"excerpt":{"rendered":"<p>Ici sont pr\u00e9sent\u00e9s les mod\u00e8les folk que je fabrique \u00e9galement. L-OO OM (Orchestra model) Jumbo Dreadnought<\/p>\n","protected":false},"author":1,"featured_media":0,"parent":64,"menu_order":4,"comment_status":"closed","ping_status":"closed","template":"fullpage.php","meta":[],"_links":{"self":[{"href":"https:\/\/juliengarciaguitares.fr\/index.php\/wp-json\/wp\/v2\/pages\/725"}],"collection":[{"href":"https:\/\/juliengarciaguitares.fr\/index.php\/wp-json\/wp\/v2\/pages"}],"about":[{"href":"https:\/\/juliengarciaguitares.fr\/index.php\/wp-json\/wp\/v2\/types\/page"}],"author":[{"embeddable":true,"href":"https:\/\/juliengarciaguitares.fr\/index.php\/wp-json\/wp\/v2\/users\/1"}],"replies":[{"embeddable":true,"href":"https:\/\/juliengarciaguitares.fr\/index.php\/wp-json\/wp\/v2\/comments?post=725"}],"version-history":[{"count":7,"href":"https:\/\/juliengarciaguitares.fr\/index.php\/wp-json\/wp\/v2\/pages\/725\/revisions"}],"predecessor-version":[{"id":733,"href":"https:\/\/juliengarciaguitares.fr\/index.php\/wp-json\/wp\/v2\/pages\/725\/revisions\/733"}],"up":[{"embeddable":true,"href":"https:\/\/juliengarciaguitares.fr\/index.php\/wp-json\/wp\/v2\/pages\/64"}],"wp:attachment":[{"href":"https:\/\/juliengarciaguitares.fr\/index.php\/wp-json\/wp\/v2\/media?parent=725"}],"curies":[{"name":"wp","href":"https:\/\/api.w.org\/{rel}","templated":true}]}}