{"id":72,"date":"2015-07-29T09:17:58","date_gmt":"2015-07-29T08:17:58","guid":{"rendered":"https:\/\/guitarluthier34300.olympe.in\/?page_id=72"},"modified":"2022-01-17T21:56:29","modified_gmt":"2022-01-17T20:56:29","slug":"dreadnought","status":"publish","type":"page","link":"https:\/\/juliengarciaguitares.fr\/index.php\/dreadnought\/","title":{"rendered":"Dreadnought :"},"content":{"rendered":"<p>Un classique incontournable par excellence, \u00e0 l\u2019aise pratiquement dans<br \/>\ntous les styles, elle excelle en Bluegrass et Country pour les puristes du<br \/>\ngenre.<\/p>\n<p>Diapason : 644mm<\/p>\n<p>Jonction manche\/corps\u00a0: 14\u00e8 case<\/p>\n<p>Bouche de r\u00e9sonance \u00e9largie<\/p>\n<p>Radius de touche : Compens\u00e9 12&Prime;\/16&Prime;<\/p>\n<p>Largeur au sillet\u00a0: 44 mm<\/p>\n<p>Espacement des cordes au chevalet\u00a0: 55 mm<\/p>\n<p><span style=\"text-decoration: underline;\"><em><strong><br \/>\nExemples audio: (l&rsquo;\u00e9coute au casque est recommand\u00e9e)<br \/>\n<\/strong><\/em><\/span><\/p>\n<p><a href=\"http:\/\/juliengarciaguitares.fr\/wp-content\/uploads\/2022\/01\/strum-leger-dread.mp3\">strum l\u00e9ger dread<\/a><\/p>\n<p><a href=\"http:\/\/juliengarciaguitares.fr\/wp-content\/uploads\/2022\/01\/strum-2-dread.mp3\">strum 2 dread<\/a><\/p>\n<p><a href=\"http:\/\/juliengarciaguitares.fr\/wp-content\/uploads\/2022\/01\/fingerstyle-dread.mp3\">fingerstyle dread<\/a><\/p>\n<p>&nbsp;<\/p>\n<p><a href=\"http:\/\/juliengarciaguitares.fr\/wp-content\/uploads\/2021\/10\/IMG_4799.jpg\"><img loading=\"lazy\" class=\"aligncenter size-medium wp-image-558\" src=\"http:\/\/juliengarciaguitares.fr\/wp-content\/uploads\/2021\/10\/IMG_4799-200x300.jpg\" alt=\"\" width=\"200\" height=\"300\" srcset=\"https:\/\/juliengarciaguitares.fr\/wp-content\/uploads\/2021\/10\/IMG_4799-200x300.jpg 200w, https:\/\/juliengarciaguitares.fr\/wp-content\/uploads\/2021\/10\/IMG_4799-768x1152.jpg 768w, https:\/\/juliengarciaguitares.fr\/wp-content\/uploads\/2021\/10\/IMG_4799-682x1024.jpg 682w, https:\/\/juliengarciaguitares.fr\/wp-content\/uploads\/2021\/10\/IMG_4799.jpg 1333w\" sizes=\"(max-width: 200px) 100vw, 200px\" \/><\/a><a href=\"http:\/\/juliengarciaguitares.fr\/wp-content\/uploads\/2021\/10\/IMG_4819.jpg\"><img loading=\"lazy\" class=\"aligncenter size-medium wp-image-555\" src=\"http:\/\/juliengarciaguitares.fr\/wp-content\/uploads\/2021\/10\/IMG_4819-200x300.jpg\" alt=\"\" width=\"200\" height=\"300\" srcset=\"https:\/\/juliengarciaguitares.fr\/wp-content\/uploads\/2021\/10\/IMG_4819-200x300.jpg 200w, https:\/\/juliengarciaguitares.fr\/wp-content\/uploads\/2021\/10\/IMG_4819-768x1152.jpg 768w, https:\/\/juliengarciaguitares.fr\/wp-content\/uploads\/2021\/10\/IMG_4819-682x1024.jpg 682w, https:\/\/juliengarciaguitares.fr\/wp-content\/uploads\/2021\/10\/IMG_4819.jpg 1333w\" sizes=\"(max-width: 200px) 100vw, 200px\" \/><\/a><a href=\"http:\/\/juliengarciaguitares.fr\/wp-content\/uploads\/2021\/10\/IMG_4827.jpg\"><img loading=\"lazy\" class=\"aligncenter size-medium wp-image-556\" src=\"http:\/\/juliengarciaguitares.fr\/wp-content\/uploads\/2021\/10\/IMG_4827-300x200.jpg\" alt=\"\" width=\"300\" height=\"200\" srcset=\"https:\/\/juliengarciaguitares.fr\/wp-content\/uploads\/2021\/10\/IMG_4827-300x200.jpg 300w, https:\/\/juliengarciaguitares.fr\/wp-content\/uploads\/2021\/10\/IMG_4827-768x512.jpg 768w, https:\/\/juliengarciaguitares.fr\/wp-content\/uploads\/2021\/10\/IMG_4827-1024x682.jpg 1024w, https:\/\/juliengarciaguitares.fr\/wp-content\/uploads\/2021\/10\/IMG_4827.jpg 2000w\" sizes=\"(max-width: 300px) 100vw, 300px\" \/><\/a><a href=\"http:\/\/juliengarciaguitares.fr\/wp-content\/uploads\/2021\/10\/IMG_4796.jpg\"><img loading=\"lazy\" class=\"aligncenter size-medium wp-image-559\" src=\"http:\/\/juliengarciaguitares.fr\/wp-content\/uploads\/2021\/10\/IMG_4796-300x200.jpg\" alt=\"\" width=\"300\" height=\"200\" srcset=\"https:\/\/juliengarciaguitares.fr\/wp-content\/uploads\/2021\/10\/IMG_4796-300x200.jpg 300w, https:\/\/juliengarciaguitares.fr\/wp-content\/uploads\/2021\/10\/IMG_4796-768x512.jpg 768w, https:\/\/juliengarciaguitares.fr\/wp-content\/uploads\/2021\/10\/IMG_4796-1024x682.jpg 1024w, https:\/\/juliengarciaguitares.fr\/wp-content\/uploads\/2021\/10\/IMG_4796.jpg 2000w\" sizes=\"(max-width: 300px) 100vw, 300px\" \/><\/a><a href=\"http:\/\/juliengarciaguitares.fr\/wp-content\/uploads\/2021\/10\/IMG_4829.jpg\"><img loading=\"lazy\" class=\"aligncenter size-medium wp-image-557\" src=\"http:\/\/juliengarciaguitares.fr\/wp-content\/uploads\/2021\/10\/IMG_4829-300x200.jpg\" alt=\"\" width=\"300\" height=\"200\" srcset=\"https:\/\/juliengarciaguitares.fr\/wp-content\/uploads\/2021\/10\/IMG_4829-300x200.jpg 300w, https:\/\/juliengarciaguitares.fr\/wp-content\/uploads\/2021\/10\/IMG_4829-768x512.jpg 768w, https:\/\/juliengarciaguitares.fr\/wp-content\/uploads\/2021\/10\/IMG_4829-1024x682.jpg 1024w, https:\/\/juliengarciaguitares.fr\/wp-content\/uploads\/2021\/10\/IMG_4829.jpg 2000w\" sizes=\"(max-width: 300px) 100vw, 300px\" \/><\/a><\/p>\n","protected":false},"excerpt":{"rendered":"<p>Un classique incontournable par excellence, \u00e0 l\u2019aise pratiquement dans tous les styles, elle excelle en Bluegrass et Country pour les puristes du genre. Diapason : 644mm Jonction manche\/corps\u00a0: 14\u00e8 case Bouche de r\u00e9sonance \u00e9largie Radius de touche : Compens\u00e9 12&Prime;\/16&Prime; Largeur au sillet\u00a0: 44 mm Espacement des cordes au chevalet\u00a0: 55 mm Exemples audio: (l&rsquo;\u00e9coute [&hellip;]<\/p>\n","protected":false},"author":1,"featured_media":0,"parent":0,"menu_order":0,"comment_status":"closed","ping_status":"closed","template":"fullpage.php","meta":{"_monsterinsights_skip_tracking":false,"_monsterinsights_sitenote_active":false,"_monsterinsights_sitenote_note":"","_monsterinsights_sitenote_category":0},"_links":{"self":[{"href":"https:\/\/juliengarciaguitares.fr\/index.php\/wp-json\/wp\/v2\/pages\/72"}],"collection":[{"href":"https:\/\/juliengarciaguitares.fr\/index.php\/wp-json\/wp\/v2\/pages"}],"about":[{"href":"https:\/\/juliengarciaguitares.fr\/index.php\/wp-json\/wp\/v2\/types\/page"}],"author":[{"embeddable":true,"href":"https:\/\/juliengarciaguitares.fr\/index.php\/wp-json\/wp\/v2\/users\/1"}],"replies":[{"embeddable":true,"href":"https:\/\/juliengarciaguitares.fr\/index.php\/wp-json\/wp\/v2\/comments?post=72"}],"version-history":[{"count":6,"href":"https:\/\/juliengarciaguitares.fr\/index.php\/wp-json\/wp\/v2\/pages\/72\/revisions"}],"predecessor-version":[{"id":601,"href":"https:\/\/juliengarciaguitares.fr\/index.php\/wp-json\/wp\/v2\/pages\/72\/revisions\/601"}],"wp:attachment":[{"href":"https:\/\/juliengarciaguitares.fr\/index.php\/wp-json\/wp\/v2\/media?parent=72"}],"curies":[{"name":"wp","href":"https:\/\/api.w.org\/{rel}","templated":true}]}}