{"id":64,"date":"2015-07-28T14:37:39","date_gmt":"2015-07-28T13:37:39","guid":{"rendered":"https:\/\/guitarluthier34300.olympe.in\/?page_id=64"},"modified":"2023-10-24T22:16:06","modified_gmt":"2023-10-24T21:16:06","slug":"modeles","status":"publish","type":"page","link":"https:\/\/juliengarciaguitares.fr\/index.php\/modeles\/","title":{"rendered":"LES GUITARES"},"content":{"rendered":"<p>Mon catalogue d\u2019instruments se compose actuellement de quatre mod\u00e8les folk et de trois mod\u00e8les classiques, l&rsquo;un \u00e0 barrage lattice<br \/>\net les deux autres \u00e0 barrage \u00e9ventail plus traditionnel.<br \/>\nPour tous mes mod\u00e8les ma philosophie est la m\u00eame:<\/p>\n<p><strong>Qualit\u00e9 acoustiques:<\/strong> puissance, longueur de note, \u00e9quilibre, richesse et pr\u00e9cision harmonique,<br \/>\nhomog\u00e9n\u00e9it\u00e9 sur tout le registre sonore de l&rsquo;instrument.<\/p>\n<p><strong>Confort de jeu optimal:<\/strong> la g\u00e9om\u00e9trie de l&rsquo;instrument, le profil du manche, les r\u00e9glages ou encore le choix des diapasons,<br \/>\npour les mod\u00e8les multi-diapasons, sont autant de facteurs qui font qu&rsquo;au final les notes sortent sans effort sous les doigts<br \/>\ndu musicien.<\/p>\n<p><strong>Allure esth\u00e9tique:<\/strong> une guitare acoustique est avant tout un instrument de musique mais aussi un objet d&rsquo;art<br \/>\net son esth\u00e9tique doit \u00eatre \u00e0 la hauteur de ses prestations en tant qu&rsquo;outil du musicien.<br \/>\nJe m&rsquo;efforce donc, pour chaque guitare que je fabrique,<br \/>\nde proposer les meilleures finitions possibles que ce soit pour les \u00e9l\u00e9ments d\u00e9coratifs jusqu&rsquo;\u00e0 la qualit\u00e9 du vernis<br \/>\net la r\u00e9gularit\u00e9 de son \u00e9paisseur sur tout l&rsquo;instrument.<\/p>\n<p><a title=\"Dreadnought\" href=\"http:\/\/juliengarciaguitares.fr\/index.php\/dreadnought\/\">Dreadnought<\/a><\/p>\n<p><a title=\"OM (Orchestra Model)\" href=\"http:\/\/juliengarciaguitares.fr\/index.php\/om-caracteristiques\/\">OM (Orchestra Model)<\/a><\/p>\n<p><a title=\"Jumbo\" href=\"http:\/\/juliengarciaguitares.fr\/index.php\/jumbo-caracteristiques\/\">Jumbo<\/a><\/p>\n<p><a title=\"L-00\" href=\"http:\/\/juliengarciaguitares.fr\/index.php\/l-00-caracteristiques\/\">L-00<\/a><\/p>\n<p><a title=\"Classique\" href=\"http:\/\/juliengarciaguitares.fr\/index.php\/classique\/\">Classique<\/a><\/p>\n<p>Les photos accompagnant les mod\u00e8les sont des exemples, beaucoup<br \/>\nd\u2019\u00e9l\u00e9ments esth\u00e9tiques et techniques peuvent \u00eatre chang\u00e9s sur option<br \/>\nou simple demande, comme la modification des cotes du manche, l&rsquo;ajout d&rsquo;un soundport, etc&#8230;<\/p>\n<p>D\u00e9sormais des enregistrements audio des mod\u00e8les sont disponibles \u00e0 l&rsquo;\u00e9coute sur la page de chaque mod\u00e8le.<br \/>\nLes morceaux jou\u00e9s sont globalement les m\u00eames pour permettre une comparaison honn\u00eate entre les diff\u00e9rents mod\u00e8les.<\/p>\n<p>Les enregistrements sont r\u00e9alis\u00e9s \u00e0 l&rsquo;aide d&rsquo;un micro \u00e0 condensateur \u00e0 large membrane, il n&rsquo;y a aucun traitement du son de type r\u00e9verb ou \u00e9qualisation ajout\u00e9e derri\u00e8re.<br \/>\nSimplement l&rsquo;in\u00e9vitable compression au format mp3 pour les besoins de l&rsquo;int\u00e9gration au site web.<br \/>\nL&rsquo;\u00e9coute au casque est vivement conseill\u00e9e si vous ne disposez pas de bonnes enceintes ou carte son.<\/p>\n","protected":false},"excerpt":{"rendered":"<p>Mon catalogue d\u2019instruments se compose actuellement de quatre mod\u00e8les folk et de trois mod\u00e8les classiques, l&rsquo;un \u00e0 barrage lattice et les deux autres \u00e0 barrage \u00e9ventail plus traditionnel. Pour tous mes mod\u00e8les ma philosophie est la m\u00eame: Qualit\u00e9 acoustiques: puissance, longueur de note, \u00e9quilibre, richesse et pr\u00e9cision harmonique, homog\u00e9n\u00e9it\u00e9 sur tout le registre sonore de [&hellip;]<\/p>\n","protected":false},"author":1,"featured_media":0,"parent":0,"menu_order":0,"comment_status":"closed","ping_status":"closed","template":"fullpage.php","meta":{"_monsterinsights_skip_tracking":false,"_monsterinsights_sitenote_active":false,"_monsterinsights_sitenote_note":"","_monsterinsights_sitenote_category":0},"_links":{"self":[{"href":"https:\/\/juliengarciaguitares.fr\/index.php\/wp-json\/wp\/v2\/pages\/64"}],"collection":[{"href":"https:\/\/juliengarciaguitares.fr\/index.php\/wp-json\/wp\/v2\/pages"}],"about":[{"href":"https:\/\/juliengarciaguitares.fr\/index.php\/wp-json\/wp\/v2\/types\/page"}],"author":[{"embeddable":true,"href":"https:\/\/juliengarciaguitares.fr\/index.php\/wp-json\/wp\/v2\/users\/1"}],"replies":[{"embeddable":true,"href":"https:\/\/juliengarciaguitares.fr\/index.php\/wp-json\/wp\/v2\/comments?post=64"}],"version-history":[{"count":15,"href":"https:\/\/juliengarciaguitares.fr\/index.php\/wp-json\/wp\/v2\/pages\/64\/revisions"}],"predecessor-version":[{"id":685,"href":"https:\/\/juliengarciaguitares.fr\/index.php\/wp-json\/wp\/v2\/pages\/64\/revisions\/685"}],"wp:attachment":[{"href":"https:\/\/juliengarciaguitares.fr\/index.php\/wp-json\/wp\/v2\/media?parent=64"}],"curies":[{"name":"wp","href":"https:\/\/api.w.org\/{rel}","templated":true}]}}