{"id":55,"date":"2015-07-28T09:14:15","date_gmt":"2015-07-28T08:14:15","guid":{"rendered":"https:\/\/guitarluthier34300.olympe.in\/?page_id=55"},"modified":"2023-03-22T16:09:15","modified_gmt":"2023-03-22T15:09:15","slug":"55-2","status":"publish","type":"page","link":"https:\/\/juliengarciaguitares.fr\/index.php\/55-2\/","title":{"rendered":"PRESENTATION"},"content":{"rendered":"<p>Passionn\u00e9 par la guitare depuis l\u2019enfance, \u00e0 l\u2019adolescence j\u2019ai commenc\u00e9 \u00e0 r\u00e9aliser<br \/>\nl\u2019importance de jouer sur un instrument bien r\u00e9gl\u00e9 et \u00e0 m\u2019y int\u00e9resser de pr\u00e8s.<\/p>\n<p>J\u2019ai donc commenc\u00e9 \u00e0 effectuer moi-m\u00eame quelques r\u00e9glages mineurs sur mes instruments<br \/>\njusqu\u2019\u00e0 \u00eatre capable de r\u00e9gler une guitare de A \u00e0 Z \u00e0 force d\u2019exp\u00e9rience acquise par la pratique<br \/>\nainsi que par de nombreuses recherches et des \u00e9changes avec les musiciens\u00a0pour tenter d\u2019\u00eatre<br \/>\ntoujours plus pointu dans la mise\u00a0au point\u00a0d\u2019une guitare pour le plus grand confort de son<br \/>\npropri\u00e9taire.<\/p>\n<p>Ce fut donc une suite logique pour moi que de m\u2019orienter vers la lutherie guitare tout en<br \/>\ncontinuant \u00e0 pratiquer l\u2019instrument.<\/p>\n<p>Il y a dix ans j\u2019ai finalement d\u00e9cid\u00e9 de suivre une formation en lutherie guitares acoustiques<br \/>\naupr\u00e8s du luthier Claude Fouquet \u00e0 Puimisson dans l\u2019H\u00e9rault.<\/p>\n<p>J&rsquo;ai ensuite ouvert mon premier atelier dans l&rsquo;H\u00e9rault o\u00f9 j&rsquo;ai fabriqu\u00e9 et r\u00e9par\u00e9 des guitares durant plus de sept ans.<br \/>\nAujourd&rsquo;hui mon atelier est situ\u00e9 \u00e0 Chalvignac dans le tr\u00e8s beau d\u00e9partement du Cantal o\u00f9 je continue de fabriquer<br \/>\nmes mod\u00e8les ainsi que les r\u00e9parations sur tous types de guitares.<\/p>\n<p>\u00c9tant guitariste depuis plus de 25 ans je m\u2019efforce de fabriquer, r\u00e9gler ou r\u00e9parer chaque<br \/>\ninstrument avec mes exigences de musicien pour pouvoir satisfaire au mieux les besoins et<br \/>\nles exigences des musiciens en concevant avec eux le son acoustique qui leur convient le<br \/>\nmieux.<\/p>\n<p>Je m&rsquo;efforce d&rsquo;utiliser des mat\u00e9riaux de la meilleure qualit\u00e9 possible pour la r\u00e9alisation de mes instruments,<br \/>\nles bois sont s\u00e9ch\u00e9s pendant plusieurs ann\u00e9es et je contr\u00f4le r\u00e9guli\u00e8rement leur taux d&rsquo;hygrom\u00e9trie interne.<br \/>\nJ&rsquo;accorde une tr\u00e8s grande attention au choix des bois qui constitueront chaque partie de la future guitare.<\/p>\n<p>Pour tout renseignement n\u2019h\u00e9sitez pas \u00e0 me contacter via la rubrique contact de ce site.<\/p>\n<p>Bonne navigation\u00a0!<\/p>\n","protected":false},"excerpt":{"rendered":"<p>Passionn\u00e9 par la guitare depuis l\u2019enfance, \u00e0 l\u2019adolescence j\u2019ai commenc\u00e9 \u00e0 r\u00e9aliser l\u2019importance de jouer sur un instrument bien r\u00e9gl\u00e9 et \u00e0 m\u2019y int\u00e9resser de pr\u00e8s. J\u2019ai donc commenc\u00e9 \u00e0 effectuer moi-m\u00eame quelques r\u00e9glages mineurs sur mes instruments jusqu\u2019\u00e0 \u00eatre capable de r\u00e9gler une guitare de A \u00e0 Z \u00e0 force d\u2019exp\u00e9rience acquise par la [&hellip;]<\/p>\n","protected":false},"author":1,"featured_media":0,"parent":0,"menu_order":0,"comment_status":"closed","ping_status":"closed","template":"fullpage.php","meta":[],"_links":{"self":[{"href":"https:\/\/juliengarciaguitares.fr\/index.php\/wp-json\/wp\/v2\/pages\/55"}],"collection":[{"href":"https:\/\/juliengarciaguitares.fr\/index.php\/wp-json\/wp\/v2\/pages"}],"about":[{"href":"https:\/\/juliengarciaguitares.fr\/index.php\/wp-json\/wp\/v2\/types\/page"}],"author":[{"embeddable":true,"href":"https:\/\/juliengarciaguitares.fr\/index.php\/wp-json\/wp\/v2\/users\/1"}],"replies":[{"embeddable":true,"href":"https:\/\/juliengarciaguitares.fr\/index.php\/wp-json\/wp\/v2\/comments?post=55"}],"version-history":[{"count":5,"href":"https:\/\/juliengarciaguitares.fr\/index.php\/wp-json\/wp\/v2\/pages\/55\/revisions"}],"predecessor-version":[{"id":424,"href":"https:\/\/juliengarciaguitares.fr\/index.php\/wp-json\/wp\/v2\/pages\/55\/revisions\/424"}],"wp:attachment":[{"href":"https:\/\/juliengarciaguitares.fr\/index.php\/wp-json\/wp\/v2\/media?parent=55"}],"curies":[{"name":"wp","href":"https:\/\/api.w.org\/{rel}","templated":true}]}}