{"id":467,"date":"2020-02-23T22:59:41","date_gmt":"2020-02-23T21:59:41","guid":{"rendered":"http:\/\/juliengarciaguitares.fr\/?page_id=467"},"modified":"2020-02-23T22:59:41","modified_gmt":"2020-02-23T21:59:41","slug":"philosophie","status":"publish","type":"page","link":"https:\/\/juliengarciaguitares.fr\/index.php\/philosophie\/","title":{"rendered":"Philosophie"},"content":{"rendered":"<p>&nbsp;<\/p>\n<p>\u00c9tant moi m\u00eame guitariste depuis plus de 20 ans je m&rsquo;efforce de fabriquer chacun de mes mod\u00e8les folk ou classiques<br \/>\nselon des crit\u00e8res bien pr\u00e9cis en terme de sonorit\u00e9, de confort de jeu et d&rsquo;esth\u00e9tisme.<\/p>\n<p>Pour r\u00e9pondre \u00e0 ces crit\u00e8res j&rsquo;ai introduit differentes m\u00e9thodes et techniques de fabrication au fil des ann\u00e9es qui me<br \/>\npermettent d&rsquo;\u00eatre plus souple quant aux caract\u00e9ristiques sonores et ergonomiques des guitares afin de r\u00e9pondre au mieux<br \/>\naux exigences des musiciens.<\/p>\n<p><strong>\u00c9clisses renforc\u00e9es:<\/strong><\/p>\n<p>&nbsp;<\/p>\n<p><a href=\"http:\/\/juliengarciaguitares.fr\/wp-content\/uploads\/2020\/02\/lamination-\u00e9clisse-cot\u00e9-joueur.jpg\"><img loading=\"lazy\" class=\"size-medium wp-image-472 aligncenter\" src=\"http:\/\/juliengarciaguitares.fr\/wp-content\/uploads\/2020\/02\/lamination-\u00e9clisse-cot\u00e9-joueur-300x225.jpg\" alt=\"\" width=\"300\" height=\"225\" srcset=\"https:\/\/juliengarciaguitares.fr\/wp-content\/uploads\/2020\/02\/lamination-\u00e9clisse-cot\u00e9-joueur-300x225.jpg 300w, https:\/\/juliengarciaguitares.fr\/wp-content\/uploads\/2020\/02\/lamination-\u00e9clisse-cot\u00e9-joueur-768x576.jpg 768w, https:\/\/juliengarciaguitares.fr\/wp-content\/uploads\/2020\/02\/lamination-\u00e9clisse-cot\u00e9-joueur-1024x768.jpg 1024w\" sizes=\"(max-width: 300px) 100vw, 300px\" \/><\/a><a href=\"http:\/\/juliengarciaguitares.fr\/wp-content\/uploads\/2020\/02\/20180905_151928.jpg\"><img loading=\"lazy\" class=\"size-medium wp-image-471 aligncenter\" src=\"http:\/\/juliengarciaguitares.fr\/wp-content\/uploads\/2020\/02\/20180905_151928-300x225.jpg\" alt=\"\" width=\"300\" height=\"225\" srcset=\"https:\/\/juliengarciaguitares.fr\/wp-content\/uploads\/2020\/02\/20180905_151928-300x225.jpg 300w, https:\/\/juliengarciaguitares.fr\/wp-content\/uploads\/2020\/02\/20180905_151928-768x576.jpg 768w, https:\/\/juliengarciaguitares.fr\/wp-content\/uploads\/2020\/02\/20180905_151928-1024x768.jpg 1024w\" sizes=\"(max-width: 300px) 100vw, 300px\" \/><\/a><\/p>\n<p>Mes \u00e9clisses sont l\u00e9g\u00e8rement plus fines que des \u00e9clisses massives mais sont renforc\u00e9es par deux \u00e9paisseurs de placage<br \/>\nde sycomore, pour les guitares folk, de poirier ou d&rsquo;\u00e9pic\u00e9a pour les guitares classiques. L&rsquo;\u00e9clisse ext\u00e9rieure reste<br \/>\nsuffisamment \u00e9paisse pour \u00e9viter tout probl\u00e8me lors des phases de pon\u00e7age.<br \/>\nJ&rsquo;utilise des moules et des contre formes pour r\u00e9aliser ces collages qui me permettent d&rsquo;obtenir des \u00e9clisses qui \u00e9pousent<br \/>\nparfaitement les contours du moule d&rsquo;assemblage sans avoir besoin de les forcer pour \u00e9pouser la forme voulue.<br \/>\nLes \u00e9clisses obtenues sont beaucoup plus rigides que des \u00e9clisses massives ce qui se traduit par un gain significatif en<br \/>\nsustain car les tensions internes \u00e0 l&rsquo;instrument sont consid\u00e9rablement r\u00e9duites.<\/p>\n<p>&nbsp;<\/p>\n<p><strong>Assemblage \u00e0 la fran\u00e7aise:<\/strong><\/p>\n<p><a href=\"http:\/\/juliengarciaguitares.fr\/wp-content\/uploads\/2020\/02\/20181121_182759.jpg\"><img loading=\"lazy\" class=\"size-medium wp-image-474 aligncenter\" src=\"http:\/\/juliengarciaguitares.fr\/wp-content\/uploads\/2020\/02\/20181121_182759-300x225.jpg\" alt=\"\" width=\"300\" height=\"225\" srcset=\"https:\/\/juliengarciaguitares.fr\/wp-content\/uploads\/2020\/02\/20181121_182759-300x225.jpg 300w, https:\/\/juliengarciaguitares.fr\/wp-content\/uploads\/2020\/02\/20181121_182759-768x576.jpg 768w, https:\/\/juliengarciaguitares.fr\/wp-content\/uploads\/2020\/02\/20181121_182759-1024x768.jpg 1024w\" sizes=\"(max-width: 300px) 100vw, 300px\" \/><\/a><\/p>\n<p>Pour tous mes mod\u00e8les j&rsquo;utilise la m\u00e9thode d&rsquo;assemblage dite \u00ab\u00a0\u00e0 la fran\u00e7aise\u00a0\u00bb. Cela signifie que la caisse et le manche sont<br \/>\nfabriqu\u00e9s s\u00e9par\u00e9ment pour \u00eatre assembl\u00e9s ensemble par la suite. Il existe beaucoup de m\u00e9thodes d&rsquo;assemblage du manche<br \/>\n\u00e0 la caisse, pour ma part je r\u00e9alise une jonction de type tenon\/mortaise en \u00ab\u00a0queue d&rsquo;aronde\u00a0\u00bb qui est utilis\u00e9e en \u00e9b\u00e9nisterie<br \/>\net en facture instrumentale depuis des si\u00e8cles. Toutes les m\u00e9thodes donnent de bons r\u00e9sultats pour peu quelles soient<br \/>\ncorrectement r\u00e9alis\u00e9es pour en retirer tout le b\u00e9n\u00e9fice.<br \/>\nLe fait de fabriquer s\u00e9par\u00e9ment le manche et la caisse me donne un meilleur contr\u00f4le sur la g\u00e9om\u00e9trie de mes instruments<br \/>\net je suis donc plus \u00e0 l&rsquo;aise en proc\u00e9dant ainsi.<br \/>\nCette m\u00e9thode permet en outre de pouvoir d\u00e9sassembler le manche de la caisse facilitant ainsi un \u00e9ventuel futur travail<br \/>\nde restauration.<\/p>\n<p>&nbsp;<\/p>\n<p><strong>Fonds actifs:<\/strong><\/p>\n<p><a href=\"http:\/\/juliengarciaguitares.fr\/wp-content\/uploads\/2020\/02\/fond-coll\u00e9.jpg\"><img loading=\"lazy\" class=\"size-medium wp-image-476 aligncenter\" src=\"http:\/\/juliengarciaguitares.fr\/wp-content\/uploads\/2020\/02\/fond-coll\u00e9-300x225.jpg\" alt=\"\" width=\"300\" height=\"225\" srcset=\"https:\/\/juliengarciaguitares.fr\/wp-content\/uploads\/2020\/02\/fond-coll\u00e9-300x225.jpg 300w, https:\/\/juliengarciaguitares.fr\/wp-content\/uploads\/2020\/02\/fond-coll\u00e9-768x576.jpg 768w, https:\/\/juliengarciaguitares.fr\/wp-content\/uploads\/2020\/02\/fond-coll\u00e9-1024x768.jpg 1024w\" sizes=\"(max-width: 300px) 100vw, 300px\" \/><\/a><\/p>\n<p>Sur mes mod\u00e8les folk et classiques grand concert j&rsquo;ai adopt\u00e9 il y a plusieurs ann\u00e9es un plan de barrage radial, par oposition<br \/>\nau barrage transversal (en \u00e9chelle) traditionnel. Ce type de barrage me permet de traiter les fonds de mes guitares un peu<br \/>\ncomme une seconde table dont le r\u00f4le n&rsquo;est plus d&rsquo;agir comme simple r\u00e9flecteur du son mais comme une seconde<br \/>\nmembrane fonctionnant en synergie avec la table, d&rsquo;o\u00f9 le terme de fond \u00ab\u00a0actif\u00a0\u00bb.<br \/>\nAinsi le fond vibre beaucoup plus \u00e0 l&rsquo;attaque des cordes et contribue d&rsquo;avantage au grain acoustique de la guitare avec<br \/>\nun son un peu plus color\u00e9 par l&rsquo;essence choisie. Le tout sans perte de puissance ni de projection.<\/p>\n<p>&nbsp;<\/p>\n<p><strong>Tables bomb\u00e9es ou arch\u00e9es:<\/strong><\/p>\n<p><a href=\"http:\/\/juliengarciaguitares.fr\/wp-content\/uploads\/2020\/02\/collage-du-X-e1582482631145.jpg\"><img loading=\"lazy\" class=\"size-medium wp-image-477 aligncenter\" src=\"http:\/\/juliengarciaguitares.fr\/wp-content\/uploads\/2020\/02\/collage-du-X-e1582482631145-225x300.jpg\" alt=\"\" width=\"225\" height=\"300\" srcset=\"https:\/\/juliengarciaguitares.fr\/wp-content\/uploads\/2020\/02\/collage-du-X-e1582482631145-225x300.jpg 225w, https:\/\/juliengarciaguitares.fr\/wp-content\/uploads\/2020\/02\/collage-du-X-e1582482631145-768x1024.jpg 768w\" sizes=\"(max-width: 225px) 100vw, 225px\" \/><\/a><\/p>\n<p>Sur toutes mes guitares, sans exception, les tables sont l\u00e9g\u00e8rement vout\u00e9es et non totalement plates.<br \/>\nUne architecture m\u00eame l\u00e9g\u00e8rement vout\u00e9e est bien souvent plus r\u00e9sistante qu&rsquo;une architecture totalement plate.<br \/>\nCela permet une construction de la table un peu plus l\u00e9g\u00e8re et donc un instrument qui r\u00e9pond plus vite m\u00eame sous<br \/>\nune faible attaque des cordes.<\/p>\n<p>&nbsp;<\/p>\n<p><strong>Barrages de table en treillis:<\/strong><\/p>\n<p><a href=\"http:\/\/juliengarciaguitares.fr\/wp-content\/uploads\/2020\/02\/20180731_170745-e1582482659833.jpg\"><img loading=\"lazy\" class=\"size-medium wp-image-475 aligncenter\" src=\"http:\/\/juliengarciaguitares.fr\/wp-content\/uploads\/2020\/02\/20180731_170745-e1582482659833-225x300.jpg\" alt=\"\" width=\"225\" height=\"300\" srcset=\"https:\/\/juliengarciaguitares.fr\/wp-content\/uploads\/2020\/02\/20180731_170745-e1582482659833-225x300.jpg 225w, https:\/\/juliengarciaguitares.fr\/wp-content\/uploads\/2020\/02\/20180731_170745-e1582482659833-768x1024.jpg 768w\" sizes=\"(max-width: 225px) 100vw, 225px\" \/><\/a><\/p>\n<p>Il y a quelques ann\u00e9es j&rsquo;ai d\u00e9cid\u00e9 d&rsquo;adopter un syst\u00e8me de barrage en treillis ou croisillons qui permet de mieux<br \/>\nr\u00e9partir les efforts li\u00e9s \u00e0 la tension des cordes sur la table. On obtient une structure tr\u00e8s l\u00e9g\u00e8re tout en \u00e9tant extr\u00eamement<br \/>\nrigide, contribuant \u00e0 l&rsquo;\u00e9quilibre sonore des guitares ainsi qu&rsquo;\u00e0 leur puissance. La palette sonore s&rsquo;en trouve \u00e9largie.<\/p>\n<p>&nbsp;<\/p>\n<p><strong>Renfort de chevalet:<\/strong><\/p>\n<p><a href=\"http:\/\/juliengarciaguitares.fr\/wp-content\/uploads\/2020\/02\/IMG_20190611_113302.jpg\"><img loading=\"lazy\" class=\"size-medium wp-image-480 aligncenter\" src=\"http:\/\/juliengarciaguitares.fr\/wp-content\/uploads\/2020\/02\/IMG_20190611_113302-225x300.jpg\" alt=\"\" width=\"225\" height=\"300\" srcset=\"https:\/\/juliengarciaguitares.fr\/wp-content\/uploads\/2020\/02\/IMG_20190611_113302-225x300.jpg 225w, https:\/\/juliengarciaguitares.fr\/wp-content\/uploads\/2020\/02\/IMG_20190611_113302-768x1024.jpg 768w\" sizes=\"(max-width: 225px) 100vw, 225px\" \/><\/a><\/p>\n<p>Sur mes mod\u00e8les folk la plaque de renfort de chevalet est compos\u00e9e de palissandre indien et de fibre de carbone coll\u00e9s<br \/>\nensembles.<br \/>\nCela permet d&rsquo;obtenir une plaque de renfort extr\u00eamement rigide tout en \u00e9tant beaucoup plus fine et l\u00e9g\u00e8re<br \/>\nqu&rsquo;un renfort traditionnel en bois seul. De plus ce renfort ne sera pas alt\u00e9r\u00e9 par le contact avec les boules aux extr\u00e9mit\u00e9s<br \/>\ndes cordes au cours de la vie de la guitare car la fibre de carbone est extr\u00eamement r\u00e9sistante et insensible aux variations de<br \/>\ntemp\u00e9rature ou d&rsquo;hygrom\u00e9trie.<\/p>\n<p>&nbsp;<\/p>\n<p><strong>Vernis int\u00e9rieur:<\/strong><\/p>\n<p><a href=\"http:\/\/juliengarciaguitares.fr\/wp-content\/uploads\/2020\/02\/IMG_20190612_161436_1.jpg\"><img loading=\"lazy\" class=\"size-medium wp-image-506 aligncenter\" src=\"http:\/\/juliengarciaguitares.fr\/wp-content\/uploads\/2020\/02\/IMG_20190612_161436_1-225x300.jpg\" alt=\"\" width=\"225\" height=\"300\" srcset=\"https:\/\/juliengarciaguitares.fr\/wp-content\/uploads\/2020\/02\/IMG_20190612_161436_1-225x300.jpg 225w, https:\/\/juliengarciaguitares.fr\/wp-content\/uploads\/2020\/02\/IMG_20190612_161436_1-768x1024.jpg 768w\" sizes=\"(max-width: 225px) 100vw, 225px\" \/><\/a><\/p>\n<p>L&rsquo;int\u00e9rieur de mes guitares est syst\u00e9matiquement vernis \u00e0 la gomme laque. Cela permet d&rsquo;avoir une surface moins \u00ab\u00a0brute\u00a0\u00bb<br \/>\n\u00e0 l&rsquo;int\u00e9rieur des instruments tout en prot\u00e9geant les parties internes.<br \/>\nCela n\u2019emp\u00eache pas l&rsquo;instrument de respirer mais va limiter les \u00e9changes hydriques entre le bois et l&rsquo;air ambiant.<\/p>\n<p>&nbsp;<\/p>\n<p><strong>Radius de touche \u00ab\u00a0compos\u00e9\u00a0\u00bb ou \u00ab\u00a0compens\u00e9\u00a0\u00bb:<\/strong><\/p>\n<p><a href=\"http:\/\/juliengarciaguitares.fr\/wp-content\/uploads\/2020\/02\/nouvel-outil-radius-touche-3.jpg\"><img loading=\"lazy\" class=\"size-medium wp-image-482 aligncenter\" src=\"http:\/\/juliengarciaguitares.fr\/wp-content\/uploads\/2020\/02\/nouvel-outil-radius-touche-3-300x225.jpg\" alt=\"\" width=\"300\" height=\"225\" srcset=\"https:\/\/juliengarciaguitares.fr\/wp-content\/uploads\/2020\/02\/nouvel-outil-radius-touche-3-300x225.jpg 300w, https:\/\/juliengarciaguitares.fr\/wp-content\/uploads\/2020\/02\/nouvel-outil-radius-touche-3-768x576.jpg 768w, https:\/\/juliengarciaguitares.fr\/wp-content\/uploads\/2020\/02\/nouvel-outil-radius-touche-3-1024x768.jpg 1024w\" sizes=\"(max-width: 300px) 100vw, 300px\" \/><\/a><\/p>\n<p>Sur mes mod\u00e8les folk je r\u00e9alise (sauf demande contraire) un radius de touche dit \u00ab\u00a0compos\u00e9\u00a0\u00bb ou \u00ab\u00a0compens\u00e9\u00a0\u00bb.<br \/>\nCela signifie que la courbure \u00e0 la surface varie au fur et \u00e0 mesure que l&rsquo;on se d\u00e9place vers la caisse de la guitare.<br \/>\nLa courbure est plus prononc\u00e9e au niveau de la t\u00eate et s&rsquo;aplatit \u00e0 mesure que le manche s&rsquo;\u00e9largit, facilitant<br \/>\nainsi les bend et les barr\u00e9s.<br \/>\nDiff\u00e9rents radius et combinaisons de radius sont possibles allant de 7,5&Prime; jusqu&rsquo;\u00e0 20&Prime;. En g\u00e9n\u00e9ral j&rsquo;applique<br \/>\nun radius compens\u00e9 de 12&Prime; au sillet de t\u00eate et de 16&Prime; \u00e0 l&rsquo;autre bout de la touche.<\/p>\n<p>&nbsp;<\/p>\n<p><strong>Profil de manche:<\/strong><\/p>\n<p><a href=\"http:\/\/juliengarciaguitares.fr\/wp-content\/uploads\/2020\/02\/20180815_133050.jpg\"><img loading=\"lazy\" class=\"size-medium wp-image-483 aligncenter\" src=\"http:\/\/juliengarciaguitares.fr\/wp-content\/uploads\/2020\/02\/20180815_133050-300x225.jpg\" alt=\"\" width=\"300\" height=\"225\" srcset=\"https:\/\/juliengarciaguitares.fr\/wp-content\/uploads\/2020\/02\/20180815_133050-300x225.jpg 300w, https:\/\/juliengarciaguitares.fr\/wp-content\/uploads\/2020\/02\/20180815_133050-768x576.jpg 768w, https:\/\/juliengarciaguitares.fr\/wp-content\/uploads\/2020\/02\/20180815_133050-1024x768.jpg 1024w\" sizes=\"(max-width: 300px) 100vw, 300px\" \/><\/a><a href=\"http:\/\/juliengarciaguitares.fr\/wp-content\/uploads\/2020\/02\/manche-sculpt\u00e9.jpg\"><img loading=\"lazy\" class=\"size-medium wp-image-484 aligncenter\" src=\"http:\/\/juliengarciaguitares.fr\/wp-content\/uploads\/2020\/02\/manche-sculpt\u00e9-300x225.jpg\" alt=\"\" width=\"300\" height=\"225\" srcset=\"https:\/\/juliengarciaguitares.fr\/wp-content\/uploads\/2020\/02\/manche-sculpt\u00e9-300x225.jpg 300w, https:\/\/juliengarciaguitares.fr\/wp-content\/uploads\/2020\/02\/manche-sculpt\u00e9-768x576.jpg 768w, https:\/\/juliengarciaguitares.fr\/wp-content\/uploads\/2020\/02\/manche-sculpt\u00e9-1024x768.jpg 1024w\" sizes=\"(max-width: 300px) 100vw, 300px\" \/><\/a><\/p>\n<p>J&rsquo;attache une importance toute particuli\u00e8re \u00e0 la sculpture des manches ainsi qu&rsquo;\u00e0 leur profil.<br \/>\n\u00c9videmment le choix des cotes et des \u00e9paisseurs se font selon les pr\u00e9f\u00e9rences du musicien.<br \/>\nPour ce qui est du profil du manche j&rsquo;essaie de tendre vers un ensemble ou les bords de touche et le manche<br \/>\nne fassent qu&rsquo;un dans la main, pour un confort de jeu optimal.<br \/>\nLe manche ne doit pas \u00eatre trop fin car des manches trop fin peuvent g\u00e9n\u00e9rer des soucis de crispation voire des crampes<br \/>\nou des douleurs.<br \/>\nUn manche trop \u00e9pais risque de rendre le jeu plus difficile ou d\u00e9paysant, en particulier si l&rsquo;on n&rsquo;a pas de tr\u00e8s grandes mains.<br \/>\nJe m&rsquo;efforce donc de trouver le meilleur compromis de mani\u00e8re \u00e0 ce que le jeu soit le plus facile et naturel possible.<\/p>\n<p>&nbsp;<\/p>\n<p><strong>Le \u00ab\u00a0Soundport\u00a0\u00bb:<\/strong><\/p>\n<p><a href=\"http:\/\/juliengarciaguitares.fr\/wp-content\/uploads\/2020\/02\/IMG_20200204_103232.jpg\"><img loading=\"lazy\" class=\"size-medium wp-image-418 aligncenter\" src=\"http:\/\/juliengarciaguitares.fr\/wp-content\/uploads\/2020\/02\/IMG_20200204_103232-300x225.jpg\" alt=\"\" width=\"300\" height=\"225\" srcset=\"https:\/\/juliengarciaguitares.fr\/wp-content\/uploads\/2020\/02\/IMG_20200204_103232-300x225.jpg 300w, https:\/\/juliengarciaguitares.fr\/wp-content\/uploads\/2020\/02\/IMG_20200204_103232-768x576.jpg 768w, https:\/\/juliengarciaguitares.fr\/wp-content\/uploads\/2020\/02\/IMG_20200204_103232-1024x768.jpg 1024w\" sizes=\"(max-width: 300px) 100vw, 300px\" \/><\/a><\/p>\n<p>Le \u00ab\u00a0soundport\u00a0\u00bb est une ouverture r\u00e9alis\u00e9e sur l&rsquo;\u00e9clisse sup\u00e9rieure dont les deux principaux avantages sont:<\/p>\n<p>&#8211; l&rsquo;effet de retour pour le guitariste qui peut mieux s&rsquo;entendre et tout simplement profiter du son de sa guitare.<br \/>\nCela peut \u00e9galement s&rsquo;av\u00e9rer utile si l&rsquo;on joue en formation.<\/p>\n<p>&#8211; le son gagne en \u00ab\u00a0pr\u00e9sence\u00a0\u00bb pour l&rsquo;auditoire, la guitare ne sonne pas plus fort mais ressort d&rsquo;avantage.<\/p>\n<p>\u00c9videmment un \u00ab\u00a0soundport\u00a0\u00bb peut ne pas plaire \u00e0 tout le monde et c&rsquo;est pourquoi il est disponible en option<br \/>\nsur tous mes mod\u00e8les folk et classiques, mais vivement recommand\u00e9!<\/p>\n<p>&nbsp;<\/p>\n<p><strong>Le vernis de finition:<\/strong><\/p>\n<p><a href=\"http:\/\/juliengarciaguitares.fr\/wp-content\/uploads\/2020\/02\/IMG_20190809_133541-1.jpg\"><img loading=\"lazy\" class=\"size-medium wp-image-485 aligncenter\" src=\"http:\/\/juliengarciaguitares.fr\/wp-content\/uploads\/2020\/02\/IMG_20190809_133541-1-225x300.jpg\" alt=\"\" width=\"225\" height=\"300\" srcset=\"https:\/\/juliengarciaguitares.fr\/wp-content\/uploads\/2020\/02\/IMG_20190809_133541-1-225x300.jpg 225w, https:\/\/juliengarciaguitares.fr\/wp-content\/uploads\/2020\/02\/IMG_20190809_133541-1-768x1024.jpg 768w\" sizes=\"(max-width: 225px) 100vw, 225px\" \/><\/a><a href=\"http:\/\/juliengarciaguitares.fr\/wp-content\/uploads\/2020\/02\/IMG_20200204_103326.jpg\"><img loading=\"lazy\" class=\"size-medium wp-image-436 aligncenter\" src=\"http:\/\/juliengarciaguitares.fr\/wp-content\/uploads\/2020\/02\/IMG_20200204_103326-225x300.jpg\" alt=\"\" width=\"225\" height=\"300\" srcset=\"https:\/\/juliengarciaguitares.fr\/wp-content\/uploads\/2020\/02\/IMG_20200204_103326-225x300.jpg 225w, https:\/\/juliengarciaguitares.fr\/wp-content\/uploads\/2020\/02\/IMG_20200204_103326-768x1024.jpg 768w\" sizes=\"(max-width: 225px) 100vw, 225px\" \/><\/a><\/p>\n<p>J&rsquo;applique sur toutes mes guitares un vernis cellulosique de haute brillance ou satin\u00e9 en cabine \u00e0 vernis.<br \/>\nC&rsquo;est un vernis tr\u00e8s fin qui laisse vibrer le bois et prend une jolie patine avec le temps. Il est bien plus r\u00e9sistant<br \/>\n\u00e0 l&rsquo;abrasion et \u00e0 la transpiration qu&rsquo;un vernis gomme laque au tampon tout en \u00e9tant pratiquement aussi fin.<br \/>\nC&rsquo;est \u00e0 mon sens un excellent vernis pour les guitares acoustiques.<\/p>\n","protected":false},"excerpt":{"rendered":"<p>&nbsp; \u00c9tant moi m\u00eame guitariste depuis plus de 20 ans je m&rsquo;efforce de fabriquer chacun de mes mod\u00e8les folk ou classiques selon des crit\u00e8res bien pr\u00e9cis en terme de sonorit\u00e9, de confort de jeu et d&rsquo;esth\u00e9tisme. Pour r\u00e9pondre \u00e0 ces crit\u00e8res j&rsquo;ai introduit differentes m\u00e9thodes et techniques de fabrication au fil des ann\u00e9es qui me [&hellip;]<\/p>\n","protected":false},"author":1,"featured_media":0,"parent":0,"menu_order":0,"comment_status":"closed","ping_status":"closed","template":"fullpage.php","meta":{"_monsterinsights_skip_tracking":false,"_monsterinsights_sitenote_active":false,"_monsterinsights_sitenote_note":"","_monsterinsights_sitenote_category":0},"_links":{"self":[{"href":"https:\/\/juliengarciaguitares.fr\/index.php\/wp-json\/wp\/v2\/pages\/467"}],"collection":[{"href":"https:\/\/juliengarciaguitares.fr\/index.php\/wp-json\/wp\/v2\/pages"}],"about":[{"href":"https:\/\/juliengarciaguitares.fr\/index.php\/wp-json\/wp\/v2\/types\/page"}],"author":[{"embeddable":true,"href":"https:\/\/juliengarciaguitares.fr\/index.php\/wp-json\/wp\/v2\/users\/1"}],"replies":[{"embeddable":true,"href":"https:\/\/juliengarciaguitares.fr\/index.php\/wp-json\/wp\/v2\/comments?post=467"}],"version-history":[{"count":25,"href":"https:\/\/juliengarciaguitares.fr\/index.php\/wp-json\/wp\/v2\/pages\/467\/revisions"}],"predecessor-version":[{"id":509,"href":"https:\/\/juliengarciaguitares.fr\/index.php\/wp-json\/wp\/v2\/pages\/467\/revisions\/509"}],"wp:attachment":[{"href":"https:\/\/juliengarciaguitares.fr\/index.php\/wp-json\/wp\/v2\/media?parent=467"}],"curies":[{"name":"wp","href":"https:\/\/api.w.org\/{rel}","templated":true}]}}