{"id":410,"date":"2019-11-10T14:49:54","date_gmt":"2019-11-10T13:49:54","guid":{"rendered":"http:\/\/juliengarciaguitares.fr\/?page_id=410"},"modified":"2026-04-22T10:05:18","modified_gmt":"2026-04-22T09:05:18","slug":"tarifs","status":"publish","type":"page","link":"https:\/\/juliengarciaguitares.fr\/index.php\/tarifs\/","title":{"rendered":"Tarifs guitares classiques"},"content":{"rendered":"<p><strong>TARIFS FABRICATION 2025 :<\/strong><\/p>\n<p>&#8211; Mod\u00e8le \u00ab\u00a0Etude\u00a0\u00bb \u00e0 barrage traditionnel : 2800 euros<br \/>\n&#8211; Mod\u00e8le \u00ab\u00a0Concert\u00a0\u00bb \u00e0 barrage traditionnel : 5000 euros<br \/>\n&#8211; Mod\u00e8le \u00ab\u00a0Grand concert\u00a0\u00bb \u00e0 barrage lattice bois : 6500 euros<\/p>\n<p><span style=\"text-decoration: underline;\"><strong>Options:<\/strong><\/span><\/p>\n<p>&#8211; Touche sur\u00e9lev\u00e9e: 500 euros (mod\u00e8les \u00ab\u00a0Concert\u00a0\u00bb et \u00ab\u00a0Etude\u00a0\u00bb)<br \/>\n&#8211; Radius de touche: sans suppl\u00e9ment<br \/>\n&#8211; Ou\u00efe d&rsquo;\u00e9clisse (soundport): sans suppl\u00e9ment<br \/>\n&#8211; Version gaucher: sans suppl\u00e9ment<br \/>\n&#8211; Profil et largeur de manche sur mesure: sans suppl\u00e9ment<br \/>\n&#8211; Syst\u00e8me d&rsquo;amplification: sur devis (non disponible sur le mod\u00e8le \u00ab\u00a0Grand concert\u00a0\u00bb)<\/p>\n<p>&nbsp;<\/p>\n","protected":false},"excerpt":{"rendered":"<p>TARIFS FABRICATION 2025 : &#8211; Mod\u00e8le \u00ab\u00a0Etude\u00a0\u00bb \u00e0 barrage traditionnel : 2800 euros &#8211; Mod\u00e8le \u00ab\u00a0Concert\u00a0\u00bb \u00e0 barrage traditionnel : 5000 euros &#8211; Mod\u00e8le \u00ab\u00a0Grand concert\u00a0\u00bb \u00e0 barrage lattice bois : 6500 euros Options: &#8211; Touche sur\u00e9lev\u00e9e: 500 euros (mod\u00e8les \u00ab\u00a0Concert\u00a0\u00bb et \u00ab\u00a0Etude\u00a0\u00bb) &#8211; Radius de touche: sans suppl\u00e9ment &#8211; Ou\u00efe d&rsquo;\u00e9clisse (soundport): sans suppl\u00e9ment [&hellip;]<\/p>\n","protected":false},"author":1,"featured_media":0,"parent":0,"menu_order":0,"comment_status":"closed","ping_status":"closed","template":"fullpage.php","meta":{"_monsterinsights_skip_tracking":false,"_monsterinsights_sitenote_active":false,"_monsterinsights_sitenote_note":"","_monsterinsights_sitenote_category":0},"_links":{"self":[{"href":"https:\/\/juliengarciaguitares.fr\/index.php\/wp-json\/wp\/v2\/pages\/410"}],"collection":[{"href":"https:\/\/juliengarciaguitares.fr\/index.php\/wp-json\/wp\/v2\/pages"}],"about":[{"href":"https:\/\/juliengarciaguitares.fr\/index.php\/wp-json\/wp\/v2\/types\/page"}],"author":[{"embeddable":true,"href":"https:\/\/juliengarciaguitares.fr\/index.php\/wp-json\/wp\/v2\/users\/1"}],"replies":[{"embeddable":true,"href":"https:\/\/juliengarciaguitares.fr\/index.php\/wp-json\/wp\/v2\/comments?post=410"}],"version-history":[{"count":22,"href":"https:\/\/juliengarciaguitares.fr\/index.php\/wp-json\/wp\/v2\/pages\/410\/revisions"}],"predecessor-version":[{"id":889,"href":"https:\/\/juliengarciaguitares.fr\/index.php\/wp-json\/wp\/v2\/pages\/410\/revisions\/889"}],"wp:attachment":[{"href":"https:\/\/juliengarciaguitares.fr\/index.php\/wp-json\/wp\/v2\/media?parent=410"}],"curies":[{"name":"wp","href":"https:\/\/api.w.org\/{rel}","templated":true}]}}