{"id":247,"date":"2018-05-27T12:55:34","date_gmt":"2018-05-27T11:55:34","guid":{"rendered":"http:\/\/juliengarciaguitares.fr\/?page_id=247"},"modified":"2018-05-27T16:18:26","modified_gmt":"2018-05-27T15:18:26","slug":"liens-utiles","status":"publish","type":"page","link":"https:\/\/juliengarciaguitares.fr\/index.php\/liens-utiles\/","title":{"rendered":"Liens utiles"},"content":{"rendered":"<p><img src=\"http:\/\/juliengarciaguitares.fr\/wp-content\/uploads\/2018\/05\/Logo-AudioFormation.jpg\" alt=\"Audio-formation\" \/><\/p>\n<p>Audio-formation est un studio de production musicale et centre de formation \u00e0 la MAO situ\u00e9 \u00e0 Aubais, entre<br \/>\nMontpellier et N\u00eemes. Conventionn\u00e9s Afdas, Steinberg, Apple, P\u00f4le Emploi, Certifi\u00e9 Label Occitanie.<br \/>\nhttp:\/\/www.audio-formation.com\/ <\/p>\n","protected":false},"excerpt":{"rendered":"<p>Audio-formation est un studio de production musicale et centre de formation \u00e0 la MAO situ\u00e9 \u00e0 Aubais, entre Montpellier et N\u00eemes. Conventionn\u00e9s Afdas, Steinberg, Apple, P\u00f4le Emploi, Certifi\u00e9 Label Occitanie. http:\/\/www.audio-formation.com\/<\/p>\n","protected":false},"author":1,"featured_media":0,"parent":0,"menu_order":0,"comment_status":"closed","ping_status":"closed","template":"fullpage.php","meta":{"_monsterinsights_skip_tracking":false,"_monsterinsights_sitenote_active":false,"_monsterinsights_sitenote_note":"","_monsterinsights_sitenote_category":0},"_links":{"self":[{"href":"https:\/\/juliengarciaguitares.fr\/index.php\/wp-json\/wp\/v2\/pages\/247"}],"collection":[{"href":"https:\/\/juliengarciaguitares.fr\/index.php\/wp-json\/wp\/v2\/pages"}],"about":[{"href":"https:\/\/juliengarciaguitares.fr\/index.php\/wp-json\/wp\/v2\/types\/page"}],"author":[{"embeddable":true,"href":"https:\/\/juliengarciaguitares.fr\/index.php\/wp-json\/wp\/v2\/users\/1"}],"replies":[{"embeddable":true,"href":"https:\/\/juliengarciaguitares.fr\/index.php\/wp-json\/wp\/v2\/comments?post=247"}],"version-history":[{"count":4,"href":"https:\/\/juliengarciaguitares.fr\/index.php\/wp-json\/wp\/v2\/pages\/247\/revisions"}],"predecessor-version":[{"id":254,"href":"https:\/\/juliengarciaguitares.fr\/index.php\/wp-json\/wp\/v2\/pages\/247\/revisions\/254"}],"wp:attachment":[{"href":"https:\/\/juliengarciaguitares.fr\/index.php\/wp-json\/wp\/v2\/media?parent=247"}],"curies":[{"name":"wp","href":"https:\/\/api.w.org\/{rel}","templated":true}]}}