{"id":197,"date":"2016-07-10T11:11:51","date_gmt":"2016-07-10T10:11:51","guid":{"rendered":"http:\/\/juliengarciaguitares.fr\/?page_id=197"},"modified":"2025-01-28T13:23:35","modified_gmt":"2025-01-28T12:23:35","slug":"classique","status":"publish","type":"page","link":"https:\/\/juliengarciaguitares.fr\/index.php\/classique\/","title":{"rendered":"Mod\u00e8le Grand Concert"},"content":{"rendered":"<p>La philosophie derri\u00e8re la cr\u00e9ation de ce mod\u00e8le \u00e9tait d&rsquo;obtenir un instrument avec plus de puissance et de projection<br \/>\nqu&rsquo;une guitare de construction plus traditionnelle tout en conservant le cot\u00e9 \u00ab\u00a0bois\u00e9\u00a0\u00bb du son d&rsquo;un instrument enti\u00e8rement<br \/>\nen bois.<\/p>\n<p>J&rsquo;ai donc adopt\u00e9 une approche assez particuli\u00e8re pour concevoir et faire \u00e9voluer le barrage de la table d&rsquo;harmonie.<br \/>\napproche qui consiste \u00e0 utiliser une structure dite \u00ab\u00a0lattice\u00a0\u00bb ou treillis mais uniquement r\u00e9alis\u00e9e en bois d&rsquo;\u00e9pic\u00e9a, c&rsquo;est \u00e0 dire<br \/>\nsans mat\u00e9riaux composites comme le carbone par exemple.<br \/>\nL&rsquo;id\u00e9e n&rsquo;est pas du tout d&rsquo;obtenir un timbre typ\u00e9 \u00ab\u00a0lattice\u00a0\u00bb, cette structure est simplement le moyen le plus efficace que j&rsquo;ai<br \/>\ntrouv\u00e9 \u00e0 ce jour pour obtenir le r\u00e9sultat sonore que je recherchais.<\/p>\n<p>Ce mod\u00e8le offre un tr\u00e8s bel \u00e9quilibre entre les basses et les aigus ainsi qu&rsquo;une r\u00e9ponse rapide qui offrent de nombreuses<br \/>\npossibilit\u00e9 de nuances dans le jeu.<br \/>\nLe tout avec une puissance et une projection nettement sup\u00e9rieures \u00e0 celles d&rsquo;une guitare munie d&rsquo;un barrage traditionnel.<br \/>\nLa palette tonale de l&rsquo;instrument s&rsquo;en trouve consid\u00e9rablement \u00e9largie, l&rsquo;identit\u00e9 sonore est r\u00e9solument moderne et riche<br \/>\nsur le plan harmonique, ce qui permet de s&rsquo;attaquer aussi bien aux r\u00e9pertoires traditionnels qu&rsquo;\u00e0 des influences nettement<br \/>\nplus contemporaines.<\/p>\n<p>&nbsp;<\/p>\n<p><a href=\"http:\/\/juliengarciaguitares.fr\/wp-content\/uploads\/2019\/10\/IMG_20190426_130038.jpg\"><img loading=\"lazy\" class=\"size-medium wp-image-282 aligncenter\" src=\"http:\/\/juliengarciaguitares.fr\/wp-content\/uploads\/2019\/10\/IMG_20190426_130038-225x300.jpg\" alt=\"\" width=\"225\" height=\"300\" srcset=\"https:\/\/juliengarciaguitares.fr\/wp-content\/uploads\/2019\/10\/IMG_20190426_130038-225x300.jpg 225w, https:\/\/juliengarciaguitares.fr\/wp-content\/uploads\/2019\/10\/IMG_20190426_130038-768x1024.jpg 768w\" sizes=\"(max-width: 225px) 100vw, 225px\" \/><\/a><\/p>\n<p><a href=\"http:\/\/juliengarciaguitares.fr\/wp-content\/uploads\/2022\/08\/PXL_20230619_220803246-scaled.jpg\"><img loading=\"lazy\" class=\"aligncenter size-medium wp-image-700\" src=\"http:\/\/juliengarciaguitares.fr\/wp-content\/uploads\/2022\/08\/PXL_20230619_220803246-300x225.jpg\" alt=\"\" width=\"300\" height=\"225\" srcset=\"https:\/\/juliengarciaguitares.fr\/wp-content\/uploads\/2022\/08\/PXL_20230619_220803246-300x225.jpg 300w, https:\/\/juliengarciaguitares.fr\/wp-content\/uploads\/2022\/08\/PXL_20230619_220803246-1024x768.jpg 1024w, https:\/\/juliengarciaguitares.fr\/wp-content\/uploads\/2022\/08\/PXL_20230619_220803246-768x576.jpg 768w, https:\/\/juliengarciaguitares.fr\/wp-content\/uploads\/2022\/08\/PXL_20230619_220803246-1536x1152.jpg 1536w, https:\/\/juliengarciaguitares.fr\/wp-content\/uploads\/2022\/08\/PXL_20230619_220803246-2048x1536.jpg 2048w\" sizes=\"(max-width: 300px) 100vw, 300px\" \/><\/a><\/p>\n<p><strong>Quelques caract\u00e9ristiques:<\/strong><\/p>\n<p><span style=\"text-decoration: underline;\">Les \u00e9clisses:<\/span><\/p>\n<p>Je fabrique toutes mes guitares avec des \u00e9clisses renforc\u00e9es,<br \/>\nc&rsquo;est \u00e0 dire que ce sont des \u00e9clisses massives mais renforc\u00e9es par deux \u00e9paisseurs de placage d&rsquo;\u00e9pic\u00e9a<br \/>\nou de poirier pour plusieurs raisons dont les plus int\u00e9ressantes sont :<\/p>\n<p>&#8211; Leur rigidit\u00e9 est consid\u00e9rablement accrue par rapport \u00e0 des \u00e9clisses massives,<br \/>\nce qui am\u00e8ne beaucoup plus de longueur de note.<br \/>\n&#8211; La diminution du risque de fissures qui peuvent quelques fois apparaitre \u00e0 la suite d\u2019un choc.<\/p>\n<p><a href=\"http:\/\/juliengarciaguitares.fr\/wp-content\/uploads\/2019\/10\/20190221_084131.jpg\"><img loading=\"lazy\" class=\"size-medium wp-image-281 aligncenter\" src=\"http:\/\/juliengarciaguitares.fr\/wp-content\/uploads\/2019\/10\/20190221_084131-300x225.jpg\" alt=\"\" width=\"300\" height=\"225\" srcset=\"https:\/\/juliengarciaguitares.fr\/wp-content\/uploads\/2019\/10\/20190221_084131-300x225.jpg 300w, https:\/\/juliengarciaguitares.fr\/wp-content\/uploads\/2019\/10\/20190221_084131-768x576.jpg 768w, https:\/\/juliengarciaguitares.fr\/wp-content\/uploads\/2019\/10\/20190221_084131-1024x768.jpg 1024w\" sizes=\"(max-width: 300px) 100vw, 300px\" \/><\/a><\/p>\n<p><span style=\"text-decoration: underline;\">Touche sur\u00e9lev\u00e9e:<\/span><\/p>\n<p><a href=\"http:\/\/juliengarciaguitares.fr\/wp-content\/uploads\/2020\/02\/IMG_20200204_104836.jpg\"><img loading=\"lazy\" class=\" wp-image-417 aligncenter\" src=\"http:\/\/juliengarciaguitares.fr\/wp-content\/uploads\/2020\/02\/IMG_20200204_104836-300x225.jpg\" alt=\"\" width=\"291\" height=\"218\" srcset=\"https:\/\/juliengarciaguitares.fr\/wp-content\/uploads\/2020\/02\/IMG_20200204_104836-300x225.jpg 300w, https:\/\/juliengarciaguitares.fr\/wp-content\/uploads\/2020\/02\/IMG_20200204_104836-768x576.jpg 768w, https:\/\/juliengarciaguitares.fr\/wp-content\/uploads\/2020\/02\/IMG_20200204_104836-1024x768.jpg 1024w\" sizes=\"(max-width: 291px) 100vw, 291px\" \/><\/a><br \/>\nles guitares sont disponibles en version \u00ab\u00a0elevated neck\u00a0\u00bb ou touche sur\u00e9lev\u00e9e, pour permettre un meilleur acc\u00e8s au registre<br \/>\naigu de l&rsquo;instrument.<\/p>\n<p><a href=\"http:\/\/juliengarciaguitares.fr\/wp-content\/uploads\/2020\/02\/IMG_20200204_103855-1.jpg\"><img loading=\"lazy\" class=\"size-medium wp-image-419 aligncenter\" src=\"http:\/\/juliengarciaguitares.fr\/wp-content\/uploads\/2020\/02\/IMG_20200204_103855-1-225x300.jpg\" alt=\"\" width=\"225\" height=\"300\" \/><\/a><\/p>\n<p><span style=\"text-decoration: underline;\">Touche radiuss\u00e9e:<\/span><\/p>\n<p><a href=\"http:\/\/juliengarciaguitares.fr\/wp-content\/uploads\/2020\/02\/IMG_20200204_102756.jpg\"><img loading=\"lazy\" class=\"size-medium wp-image-421 aligncenter\" src=\"http:\/\/juliengarciaguitares.fr\/wp-content\/uploads\/2020\/02\/IMG_20200204_102756-300x225.jpg\" alt=\"\" width=\"300\" height=\"225\" \/><\/a><br \/>\nSauf demande contraire j&rsquo;applique un subtil radius de 20&Prime; sur les touches de mes guitares, cela apporte un<br \/>\nconfort de jeu suppl\u00e9mentaire.<\/p>\n<p><span style=\"text-decoration: underline;\">Soundport:<\/span><\/p>\n<p><a href=\"http:\/\/juliengarciaguitares.fr\/wp-content\/uploads\/2020\/02\/IMG_20200204_103232.jpg\"><img loading=\"lazy\" class=\"size-medium wp-image-418 aligncenter\" src=\"http:\/\/juliengarciaguitares.fr\/wp-content\/uploads\/2020\/02\/IMG_20200204_103232-300x225.jpg\" alt=\"\" width=\"300\" height=\"225\" srcset=\"https:\/\/juliengarciaguitares.fr\/wp-content\/uploads\/2020\/02\/IMG_20200204_103232-300x225.jpg 300w, https:\/\/juliengarciaguitares.fr\/wp-content\/uploads\/2020\/02\/IMG_20200204_103232-768x576.jpg 768w, https:\/\/juliengarciaguitares.fr\/wp-content\/uploads\/2020\/02\/IMG_20200204_103232-1024x768.jpg 1024w\" sizes=\"(max-width: 300px) 100vw, 300px\" \/><\/a><br \/>\nSi vous le souhaitez je r\u00e9alise une ouverture sur l&rsquo;\u00e9clisse sup\u00e9rieure appel\u00e9e \u00ab\u00a0soundport\u00a0\u00bb qui permet d&rsquo;une part<br \/>\nau guitariste de mieux s&rsquo;entendre, en particulier si l&rsquo;on joue au sein d&rsquo;un orchestre, et d&rsquo;autre part pour l&rsquo;auditoire le<br \/>\n\u00ab\u00a0soundport\u00a0\u00bb a pour effet de donner l\u00e9g\u00e8rement plus de pr\u00e9sence \u00e0 la guitare sans en alt\u00e9rer ni la puissance ni la projection.<\/p>\n<p><span style=\"text-decoration: underline;\"><br \/>\nFinition int\u00e9rieure:<\/span><\/p>\n<p><a href=\"http:\/\/juliengarciaguitares.fr\/wp-content\/uploads\/2023\/10\/IMG_20200824_111051.jpg\"><img loading=\"lazy\" class=\"aligncenter size-medium wp-image-741\" src=\"http:\/\/juliengarciaguitares.fr\/wp-content\/uploads\/2023\/10\/IMG_20200824_111051-300x225.jpg\" alt=\"\" width=\"300\" height=\"225\" srcset=\"https:\/\/juliengarciaguitares.fr\/wp-content\/uploads\/2023\/10\/IMG_20200824_111051-300x225.jpg 300w, https:\/\/juliengarciaguitares.fr\/wp-content\/uploads\/2023\/10\/IMG_20200824_111051-1024x768.jpg 1024w, https:\/\/juliengarciaguitares.fr\/wp-content\/uploads\/2023\/10\/IMG_20200824_111051-768x576.jpg 768w, https:\/\/juliengarciaguitares.fr\/wp-content\/uploads\/2023\/10\/IMG_20200824_111051.jpg 1536w\" sizes=\"(max-width: 300px) 100vw, 300px\" \/><\/a><\/p>\n<p>L&rsquo;int\u00e9rieur de toutes mes guitares est vernis \u00e0 la gomme laque pour le pr\u00e9server plus longtemps,<br \/>\ncela n\u2019emp\u00eache en rien l&rsquo;instrument de \u00ab\u00a0respirer\u00a0\u00bb.<\/p>\n<p><span style=\"text-decoration: underline;\">Autres caract\u00e9ristiques:<\/span><\/p>\n<p>Diapason standard: 650 mm<br \/>\nJonction manche\/corps\u00a0: 12\u00e8 case<br \/>\nLargeur au sillet standard: 52 mm (peut \u00eatre modifi\u00e9 sur demande)<br \/>\nManche en Cedro ou Acajou avec renfort carbone pour la stabilit\u00e9 et la tenue dans le temps<br \/>\nTable: Epic\u00e9a europ\u00e9en ou C\u00e8dre rouge (AAA ou sup\u00e9rieur)<br \/>\nTouche en Eb\u00e8ne du Cameroun avec ou sans radius<br \/>\nFond et \u00e9clisses renforc\u00e9es au choix en: Palissandre Indien ou Palissandre du Honduras, Pao Ferro, etc&#8230;<br \/>\nEspacement des cordes au chevalet : 57,5 mm (peut \u00eatre modifi\u00e9 sur demande)<br \/>\nVernis ext\u00e9rieur : cellulosique brillant tr\u00e8s fin<\/p>\n<p><em><span style=\"text-decoration: underline;\"><strong>Vid\u00e9o d&rsquo;un mod\u00e8le avec table en c\u00e8dre: (l&rsquo;\u00e9coute au casque est recommand\u00e9e)<\/strong><\/span><\/em><\/p>\n<p><iframe loading=\"lazy\" title=\"Review Julien Garcia 2023 No 32 Lattice  - France 25GAR032\" width=\"640\" height=\"360\" src=\"https:\/\/www.youtube.com\/embed\/U60Bc0Qp_oE?feature=oembed&amp;wmode=opaque\" frameborder=\"0\" allow=\"accelerometer; autoplay; clipboard-write; encrypted-media; gyroscope; picture-in-picture; web-share\" referrerpolicy=\"strict-origin-when-cross-origin\" allowfullscreen><\/iframe><\/p>\n","protected":false},"excerpt":{"rendered":"<p>La philosophie derri\u00e8re la cr\u00e9ation de ce mod\u00e8le \u00e9tait d&rsquo;obtenir un instrument avec plus de puissance et de projection qu&rsquo;une guitare de construction plus traditionnelle tout en conservant le cot\u00e9 \u00ab\u00a0bois\u00e9\u00a0\u00bb du son d&rsquo;un instrument enti\u00e8rement en bois. J&rsquo;ai donc adopt\u00e9 une approche assez particuli\u00e8re pour concevoir et faire \u00e9voluer le barrage de la table [&hellip;]<\/p>\n","protected":false},"author":1,"featured_media":0,"parent":0,"menu_order":0,"comment_status":"closed","ping_status":"closed","template":"fullpage.php","meta":[],"_links":{"self":[{"href":"https:\/\/juliengarciaguitares.fr\/index.php\/wp-json\/wp\/v2\/pages\/197"}],"collection":[{"href":"https:\/\/juliengarciaguitares.fr\/index.php\/wp-json\/wp\/v2\/pages"}],"about":[{"href":"https:\/\/juliengarciaguitares.fr\/index.php\/wp-json\/wp\/v2\/types\/page"}],"author":[{"embeddable":true,"href":"https:\/\/juliengarciaguitares.fr\/index.php\/wp-json\/wp\/v2\/users\/1"}],"replies":[{"embeddable":true,"href":"https:\/\/juliengarciaguitares.fr\/index.php\/wp-json\/wp\/v2\/comments?post=197"}],"version-history":[{"count":33,"href":"https:\/\/juliengarciaguitares.fr\/index.php\/wp-json\/wp\/v2\/pages\/197\/revisions"}],"predecessor-version":[{"id":865,"href":"https:\/\/juliengarciaguitares.fr\/index.php\/wp-json\/wp\/v2\/pages\/197\/revisions\/865"}],"wp:attachment":[{"href":"https:\/\/juliengarciaguitares.fr\/index.php\/wp-json\/wp\/v2\/media?parent=197"}],"curies":[{"name":"wp","href":"https:\/\/api.w.org\/{rel}","templated":true}]}}